{"id":8606,"date":"2022-07-04T18:31:44","date_gmt":"2022-07-04T18:31:44","guid":{"rendered":"http:\/\/resinaepoxica.mx\/?page_id=8606"},"modified":"2022-07-15T15:50:19","modified_gmt":"2022-07-15T15:50:19","slug":"aviso-de-privacidad","status":"publish","type":"page","link":"https:\/\/resinaepoxica.mx\/index.php\/aviso-de-privacidad\/","title":{"rendered":"Aviso de Privacidad"},"content":{"rendered":"\t\t<div data-elementor-type=\"wp-page\" data-elementor-id=\"8606\" class=\"elementor elementor-8606\">\n\t\t\t\t\t\t<section class=\"wd-negative-gap elementor-section elementor-top-section elementor-element elementor-element-e88e630 elementor-section-boxed elementor-section-height-default elementor-section-height-default wd-section-disabled\" data-id=\"e88e630\" data-element_type=\"section\">\n\t\t\t\t\t\t<div class=\"elementor-container elementor-column-gap-default\">\n\t\t\t\t\t<div class=\"elementor-column elementor-col-100 elementor-top-column elementor-element elementor-element-bd22ce1\" data-id=\"bd22ce1\" data-element_type=\"column\">\n\t\t\t<div class=\"elementor-widget-wrap elementor-element-populated\">\n\t\t\t\t\t\t<div class=\"elementor-element elementor-element-0b526bf color-scheme-inherit text-left elementor-widget elementor-widget-text-editor\" data-id=\"0b526bf\" data-element_type=\"widget\" data-widget_type=\"text-editor.default\">\n\t\t\t\t<div class=\"elementor-widget-container\">\n\t\t\t<style>\/*! elementor - v3.20.0 - 20-03-2024 *\/\n.elementor-widget-text-editor.elementor-drop-cap-view-stacked .elementor-drop-cap{background-color:#69727d;color:#fff}.elementor-widget-text-editor.elementor-drop-cap-view-framed .elementor-drop-cap{color:#69727d;border:3px solid;background-color:transparent}.elementor-widget-text-editor:not(.elementor-drop-cap-view-default) .elementor-drop-cap{margin-top:8px}.elementor-widget-text-editor:not(.elementor-drop-cap-view-default) .elementor-drop-cap-letter{width:1em;height:1em}.elementor-widget-text-editor .elementor-drop-cap{float:left;text-align:center;line-height:1;font-size:50px}.elementor-widget-text-editor .elementor-drop-cap-letter{display:inline-block}<\/style>\t\t\t\t<p>Es inter\u00e9s de EPOXIGEN S.A. de C.V., de sus empresas subsidiarias o controladas (en lo sucesivo de manera conjunta o en lo individual \u201cEPOXYGEN\u201d), dar cumplimiento a todos y cada uno de los ordenamientos legales que regulan su actividad, particularmente a lo dispuesto en la Ley Federal de Protecci\u00f3n de Datos Personales en Posesi\u00f3n de los Particulares, (en adelante la \u201cLey\u201d).<br>El siguiente aviso de privacidad (en adelante el \u201cAviso\u201d) pretende confirmarle las caracter\u00edsticas bajo las cuales sus datos personales (en adelante los \u201cDatos Personales\u201d), aun los sensibles, que&nbsp;<span style=\"font-family: Lato, Arial, Helvetica, sans-serif; font-size: 14px; font-style: normal; font-variant-ligatures: normal; font-variant-caps: normal; font-weight: 700; background-color: var(--wd-main-bgcolor);\">EPOXYGEN<\/span><span style=\"font-size: 14px; background-color: var(--wd-main-bgcolor);\">&nbsp;ha obtenido de las solicitudes y otros medios con motivo de la prestaci\u00f3n de sus servicios, se mantienen resguardados celosamente y con car\u00e1cter confidencial, previo a la entrada en vigor de la Ley.<\/span><\/p>\n<p><strong>I. Identidad y Domicilio de&nbsp;<\/strong><span style=\"font-family: Lato, Arial, Helvetica, sans-serif; font-size: 14px; font-style: normal; font-variant-ligatures: normal; font-variant-caps: normal; font-weight: 700;\">EPOXYGEN<\/span><br><span style=\"font-family: Lato, Arial, Helvetica, sans-serif; font-size: 14px; font-style: normal; font-variant-ligatures: normal; font-variant-caps: normal; font-weight: 700;\">EPOXYGEN<\/span>&nbsp;con domicilio EN BOULEVARD INTERLOMAS #5 INT. H26 COL. SAN FERNANDO LA HERRADURA C.P. 52765 HUIXQUILICAN, ESTADO DE M\u00c9XICO. correo electr\u00f3nico <u><a href=\"mailto:ingjorgeg4@gmail.com\">nelly@epoxy.mx<\/a><\/u>, con n\u00famero telef\u00f3nico&nbsp;<a href=\"tel:5528588883\">55-6651-0108<\/a>, en la ciudad de M\u00e9xico, es responsable del tratamiento de sus Datos Personales.<\/p>\n<p><strong>II. Tratamiento de los Datos Personales.<\/strong><br>EPOXY est\u00e1 comprometido a salvaguardar la confidencialidad de los Datos Personales de tal manera que su privacidad est\u00e9 protegida en t\u00e9rminos de la Ley. Los Datos Personales s\u00f3lo ser\u00e1n utilizados para: (i) proveer servicios relacionados con la funci\u00f3n de&nbsp;<span style=\"font-family: Lato, Arial, Helvetica, sans-serif; font-size: 14px; font-style: normal; font-variant-ligatures: normal; font-variant-caps: normal; font-weight: 700; background-color: var(--wd-main-bgcolor);\">EPOXYGEN<\/span><span style=\"font-size: 14px; background-color: var(--wd-main-bgcolor);\">, (ii) informar sobre nuevos productos o servicios estrictamente relacionados con el producto o servicio contratado con EPOXY, (iii) dar cumplimiento a obligaciones contra\u00eddas con nuestros clientes, e (iv) Informar sobre los cambios de los productos o servicios de&nbsp;<\/span><span style=\"font-family: Lato, Arial, Helvetica, sans-serif; font-size: 14px; font-style: normal; font-variant-ligatures: normal; font-variant-caps: normal; font-weight: 700; background-color: var(--wd-main-bgcolor);\">EPOXYGEN<\/span><span style=\"background-color: var(--wd-main-bgcolor); font-size: 14px;\">.<\/span><\/p>\n<p><strong>III.Opciones y medios que&nbsp;<\/strong><span style=\"font-family: Lato, Arial, Helvetica, sans-serif; font-size: 14px; font-style: normal; font-variant-ligatures: normal; font-variant-caps: normal; font-weight: 700; background-color: var(--wd-main-bgcolor);\">EPOXYGEN&nbsp;<\/span><strong style=\"font-size: 14px; background-color: var(--wd-main-bgcolor);\">ofrece para limitar el uso o divulgaci\u00f3n de los Datos Personales.&nbsp;<\/strong><span style=\"font-size: 14px; background-color: var(--wd-main-bgcolor);\">En&nbsp;<\/span><span style=\"font-family: Lato, Arial, Helvetica, sans-serif; font-size: 14px; font-style: normal; font-variant-ligatures: normal; font-variant-caps: normal; font-weight: 700; background-color: var(--wd-main-bgcolor);\">EPOXYGEN<\/span><span style=\"font-size: 14px; background-color: var(--wd-main-bgcolor);\">, usted puede limitar el uso o divulgaci\u00f3n de los Datos Personales, as\u00ed como la posibilidad de solicitar la cancelaci\u00f3n de env\u00edo de mensajes a trav\u00e9s de los diferentes medios que&nbsp;<\/span><span style=\"font-family: Lato, Arial, Helvetica, sans-serif; font-size: 14px; font-style: normal; font-variant-ligatures: normal; font-variant-caps: normal; font-weight: 700; background-color: var(--wd-main-bgcolor);\">EPOXYGEN<\/span><span style=\"font-size: 14px; background-color: var(--wd-main-bgcolor);\">&nbsp;utilice, para lo cual el procedimiento consiste en enviar su solicitud v\u00eda correo electr\u00f3nico a <\/span><u style=\"font-size: 14px; background-color: var(--wd-main-bgcolor);\"><a href=\"mailto:ingjorgeg4@gmail.com\">nelly@epoxy.mx<\/a><\/u><span style=\"font-size: 14px; background-color: var(--wd-main-bgcolor);\">&nbsp;o comunicarse al tel\u00e9fono&nbsp;<\/span><a href=\"tel:5528588883\" style=\"background-color: var(--wd-main-bgcolor);\">55-6651-0108<\/a><span style=\"font-size: 14px; background-color: var(--wd-main-bgcolor);\"> , en el, Estado de M\u00e9xico.&nbsp;<\/span><span style=\"font-size: 14px; background-color: var(--wd-main-bgcolor);\">Al acceder a nuestros sitios en Internet&nbsp;<\/span><span style=\"font-family: Lato, Arial, Helvetica, sans-serif; font-size: 14px; font-style: normal; font-variant-ligatures: normal; font-variant-caps: normal; font-weight: 700; background-color: var(--wd-main-bgcolor);\">EPOXYGEN<\/span><span style=\"background-color: var(--wd-main-bgcolor); font-size: 14px;\">, se generan archivos denominados cookies, los cuales contienen informaci\u00f3n que se env\u00eda a su equipo de c\u00f3mputo y que utilizamos para obtener sus Datos Personales, misma que queda almacenada en el disco duro de su equipo. La mayor\u00eda de las cookies, expiran despu\u00e9s de un per\u00edodo determinado. En este sentido, usted puede borrar la cookies en el momento que as\u00ed lo desee o solicitar a su navegador de internet la notificaci\u00f3n de cuando reciba una cookie de manera que pueda aceptarla o rechazarla.<\/span><\/p>\n<p><strong>IV. Medios para ejercer los derechos de acceso, rectificaci\u00f3n, cancelaci\u00f3n u oposici\u00f3n de los Datos Personales.<\/strong><br>En&nbsp;<span style=\"font-family: Lato, Arial, Helvetica, sans-serif; font-size: 14px; font-style: normal; font-variant-ligatures: normal; font-variant-caps: normal; font-weight: 700; background-color: var(--wd-main-bgcolor);\">EPOXYGEN<\/span><span style=\"font-size: 14px; background-color: var(--wd-main-bgcolor);\">, usted tiene el derecho de acceder a sus Datos Personales que poseemos, as\u00ed como a rectificarlos en caso de ser inexactos o incompletos; cancelarlos cuando resulten innecesarios para las finalidades que justificaron su obtenci\u00f3n u oponerse al tratamiento de los mismos para fines espec\u00edficos.&nbsp;<\/span><span style=\"font-size: 14px; background-color: var(--wd-main-bgcolor);\">El mecanismo que&nbsp;<\/span><span style=\"font-family: Lato, Arial, Helvetica, sans-serif; font-size: 14px; font-style: normal; font-variant-ligatures: normal; font-variant-caps: normal; font-weight: 700; background-color: var(--wd-main-bgcolor);\">EPOXYGEN<\/span><span style=\"font-size: 14px; background-color: var(--wd-main-bgcolor);\">&nbsp;ha implementado para el ejercicio de sus derechos, es a trav\u00e9s de la presentaci\u00f3n de una solicitud a la Unidad de Protecci\u00f3n de Datos Personales creada para el cumplimiento de la Ley, encontr\u00e1ndose ubicada EN BOULEVARD INTERLOMAS #5 INT. H26 COL. SAN FERNANDO LA HERRADURA C.P. 52765 HUIXQUILICAN, ESTADO DE M\u00c9XICO.. Asimismo, de requerir mayor informaci\u00f3n sobre los derechos de acceso, rectificaci\u00f3n, cancelaci\u00f3n u oposici\u00f3n de sus Datos Personales, favor de comunicarse a dicha Unidad al tel\u00e9fono <\/span><a href=\"tel:5528588883\" style=\"background-color: var(--wd-main-bgcolor);\">55-6651-0108<\/a><span style=\"font-size: 14px; background-color: var(--wd-main-bgcolor);\">, en la ciudad de M\u00e9xico, Estado de M\u00e9xico.<\/span><\/p>\n<p><strong>V. Transferencia de los Datos Personales.<\/strong><br>De ser necesario,&nbsp;<span style=\"font-family: Lato, Arial, Helvetica, sans-serif; font-size: 14px; font-style: normal; font-variant-ligatures: normal; font-variant-caps: normal; font-weight: 700; background-color: var(--wd-main-bgcolor);\">EPOXYGEN<\/span><span style=\"font-size: 14px; background-color: var(--wd-main-bgcolor);\">, podr\u00e1 compartir Datos Personales con sus proveedores de servicios contratados y cuando lo considere conveniente, con terceras personas, para la realizaci\u00f3n de las actividades vinculadas a los productos y servicios que&nbsp;<\/span><span style=\"font-family: Lato, Arial, Helvetica, sans-serif; font-size: 14px; font-style: normal; font-variant-ligatures: normal; font-variant-caps: normal; font-weight: 700; background-color: var(--wd-main-bgcolor);\">EPOXYGEN<\/span><span style=\"background-color: var(--wd-main-bgcolor); font-size: 14px;\">&nbsp;ofrece, pudiendo ser transferidos dichos Datos Personales y tratados dentro y fuera del pa\u00eds. En todo caso, dichos sujetos se responsabilizar\u00e1n en la misma forma sobre la confidencialidad a la que est\u00e1 sujeto&nbsp;<\/span><span style=\"font-family: Lato, Arial, Helvetica, sans-serif; font-size: 14px; font-style: normal; font-variant-ligatures: normal; font-variant-caps: normal; font-weight: 700; background-color: var(--wd-main-bgcolor);\">EPOXYGEN<\/span><span style=\"background-color: var(--wd-main-bgcolor); font-size: 14px;\">. Adicionalmente,&nbsp;<\/span><span style=\"font-family: Lato, Arial, Helvetica, sans-serif; font-size: 14px; font-style: normal; font-variant-ligatures: normal; font-variant-caps: normal; font-weight: 700; background-color: var(--wd-main-bgcolor);\">EPOXYGEN<\/span><span style=\"background-color: var(--wd-main-bgcolor); font-size: 14px;\">&nbsp;podr\u00e1 revelar los Datos Personales que alguna ley as\u00ed lo exija o bien cuando lo soliciten las autoridades competentes en t\u00e9rminos de la legislaci\u00f3n aplicable.<\/span><\/p>\n<p><span style=\"font-family: Lato, Arial, Helvetica, sans-serif; font-size: 14px; font-style: normal; font-variant-ligatures: normal; font-variant-caps: normal; font-weight: 700; background-color: var(--wd-main-bgcolor);\">EPOXYGEN<\/span>&nbsp;no transfiere sus Datos Personales a terceros sin su consentimiento, salvo por las excepciones previstas en el art\u00edculo 37 de la Ley. Para efectos de aceptaci\u00f3n de los t\u00e9rminos y condiciones ponemos a su disposici\u00f3n los siguientes medios: i) Firma aut\u00f3grafa y ii) V\u00eda electr\u00f3nica a trav\u00e9s de nuestros sitios en Internet.<\/p>\n<p><strong>VI. Procedimiento y medio por el cual&nbsp;<\/strong><span style=\"font-family: Lato, Arial, Helvetica, sans-serif; font-size: 14px; font-style: normal; font-variant-ligatures: normal; font-variant-caps: normal; font-weight: 700; background-color: var(--wd-main-bgcolor);\">EPOXYGEN<\/span><strong style=\"font-size: 14px; background-color: var(--wd-main-bgcolor);\">&nbsp;comunicar\u00e1 a los titulares los cambios al Aviso de Privacidad.&nbsp;<\/strong><span style=\"font-size: 14px; background-color: var(--wd-main-bgcolor);\">En&nbsp;<\/span><span style=\"font-family: Lato, Arial, Helvetica, sans-serif; font-size: 14px; font-style: normal; font-variant-ligatures: normal; font-variant-caps: normal; font-weight: 700; background-color: var(--wd-main-bgcolor);\">EPOXYGEN<\/span><span style=\"font-size: 14px; background-color: var(--wd-main-bgcolor);\">, nos reservamos el derecho de efectuar en cualquier momento modificaciones o actualizaciones al presente Aviso, para la atenci\u00f3n de novedades legislativas o jurisprudenciales, pol\u00edticas internas, nuevos requerimientos para la prestaci\u00f3n u ofrecimiento de nuestros servicios o productos y pr\u00e1cticas del mercado.&nbsp;<\/span><span style=\"font-size: 14px; background-color: var(--wd-main-bgcolor);\">Estas modificaciones estar\u00e1n disponibles al p\u00fablico a trav\u00e9s de nuestros sitios en Internet.<\/span><\/p>\n<p><strong>VII. Datos Personales Sensibles<\/strong><br>Desde siempre&nbsp;<span style=\"font-family: Lato, Arial, Helvetica, sans-serif; font-size: 14px; font-style: normal; font-variant-ligatures: normal; font-variant-caps: normal; font-weight: 700; background-color: var(--wd-main-bgcolor);\">EPOXYGEN<\/span><span style=\"font-size: 14px; background-color: var(--wd-main-bgcolor);\">&nbsp;ha mantenido la discrecionalidad de todos sus datos y con motivo de la Ley, para aquellos que hemos clasificados como sensibles que refieren a su nombre, su domicilio, estado de salud, nivel de ingresos, recursos monetarios o activos, religi\u00f3n, historial crediticio, se han reforzado nuestras medidas de seguridad para seguir garantizando su confidencialidad.<\/span><\/p>\n<p><strong>VIII. Datos Personales que recaba&nbsp;<\/strong><span style=\"font-family: Lato, Arial, Helvetica, sans-serif; font-size: 14px; font-style: normal; font-variant-ligatures: normal; font-variant-caps: normal; font-weight: 700; background-color: var(--wd-main-bgcolor);\">EPOXYGEN<\/span><strong style=\"font-size: 14px; background-color: var(--wd-main-bgcolor);\">&nbsp;de forma directa del titular y aquellos que obtiene por mecanismos indirectos.&nbsp;<\/strong><span style=\"font-size: 14px; background-color: var(--wd-main-bgcolor);\">En&nbsp;<\/span><span style=\"font-family: Lato, Arial, Helvetica, sans-serif; font-size: 14px; font-style: normal; font-variant-ligatures: normal; font-variant-caps: normal; font-weight: 700; background-color: var(--wd-main-bgcolor);\">EPOXYGEN<\/span><span style=\"background-color: var(--wd-main-bgcolor); font-size: 14px;\">&nbsp;podemos recabar sus Datos Personales de distintas formas: cuando usted nos los proporciona directamente; cuando visita nuestros sitios en Internet EPOXIGEN, cuando utiliza nuestros servicios en l\u00ednea, y cuando obtenemos informaci\u00f3n a trav\u00e9s de otras fuentes que est\u00e1n permitidas por la ley.<\/span><\/p>\n<p><strong>IX. Mecanismos y procedimientos para que, en su caso, revoque su consentimiento en cualquier momento<\/strong><br>En cualquier momento usted podr\u00e1 revocar el consentimiento que ha otorgado para el tratamiento de sus Datos Personales, para ello es necesario que lo solicite a la siguiente direcci\u00f3n electr\u00f3nica: <u><a href=\"mailto:ingjorgeg4@gmail.com\">nelly@epoxy.mx<\/a><\/u>&nbsp;o en nuestros sitios en internet&nbsp;<span style=\"font-family: Lato, Arial, Helvetica, sans-serif; font-size: 14px; font-style: normal; font-variant-ligatures: normal; font-variant-caps: normal; font-weight: 700; background-color: var(--wd-main-bgcolor);\">EPOXYGEN<\/span><span style=\"font-size: 14px; background-color: var(--wd-main-bgcolor);\">, secci\u00f3n aviso de privacidad.<\/span><\/p>\n<p><strong>X. Medidas de seguridad implementadas en&nbsp;<\/strong><span style=\"font-family: Lato, Arial, Helvetica, sans-serif; font-size: 14px; font-style: normal; font-variant-ligatures: normal; font-variant-caps: normal; font-weight: 700; background-color: var(--wd-main-bgcolor);\">EPOXYGEN<\/span><strong style=\"font-size: 14px; background-color: var(--wd-main-bgcolor);\">&nbsp;para la protecci\u00f3n de los Datos Personales.&nbsp;<\/strong><span style=\"font-size: 14px; background-color: var(--wd-main-bgcolor);\">Para la protecci\u00f3n de sus datos personales&nbsp;<\/span><span style=\"font-family: Lato, Arial, Helvetica, sans-serif; font-size: 14px; font-style: normal; font-variant-ligatures: normal; font-variant-caps: normal; font-weight: 700; background-color: var(--wd-main-bgcolor);\">EPOXYGEN<\/span><span style=\"background-color: var(--wd-main-bgcolor); font-size: 14px;\">&nbsp;mantiene medidas de seguridad de car\u00e1cter administrativo, f\u00edsico y tecnol\u00f3gico con el objeto de evitar p\u00e9rdidas, mal uso o alteraci\u00f3n de su informaci\u00f3n. Cuando comunicamos o compartimos su informaci\u00f3n con terceros que nos prestan alg\u00fan servicio, requerimos y verificamos que cuenten con las medidas de seguridad necesarias para proteger sus Datos Personales, prohibiendo el uso de su informaci\u00f3n personal para fines distintos a los establecidos en el presente Aviso. Asimismo esta prohibici\u00f3n la hacemos extensiva a todo el personal que labora para&nbsp;<\/span><span style=\"font-family: Lato, Arial, Helvetica, sans-serif; font-size: 14px; font-style: normal; font-variant-ligatures: normal; font-variant-caps: normal; font-weight: 700; background-color: var(--wd-main-bgcolor);\">EPOXYGEN<\/span><span style=\"background-color: var(--wd-main-bgcolor); font-size: 14px;\">.<\/span><\/p>\n<p><strong>XI. Derecho de promover los procedimientos de protecci\u00f3n de derechos y de verificaci\u00f3n que sustancia el Instituto<\/strong><br>Si usted considera que su derecho ha sido lesionado por alguna conducta de nuestros empleados o de nuestras actuaciones o respuestas, presume que en el tratamiento de sus Datos Personales existe alguna violaci\u00f3n a las disposiciones previstas en la Ley, podr\u00e1 interponer la queja o denuncia correspondiente ante la Unidad Especializada de Atenci\u00f3n a Usuarios a trav\u00e9s de un correo electr\u00f3nico a la direcci\u00f3n <u><a href=\"mailto:ingjorgeg4@gmail.com\">nelly@epoxy.mx<\/a><\/u>&nbsp;o directamente al IFAI, para mayor informaci\u00f3n visite www.ifai.org.mx<br>AUTORIZO A \u201cEPOXY S.A. DE C.V.\u201d, A SUS EMPRESAS SUBSIDIARIAS O CONTROLADAS A UTILIZAR Y EN SU CASO TRANSFERIR MIS DATOS PERSONALES A TERCEROS NACIONALES O EXTRANJEROS PARA LOS FINES NECESARIOS.<\/p>\t\t\t\t\t\t<\/div>\n\t\t\t\t<\/div>\n\t\t\t\t\t<\/div>\n\t\t<\/div>\n\t\t\t\t\t<\/div>\n\t\t<\/section>\n\t\t\t\t<\/div>\n\t\t","protected":false},"excerpt":{"rendered":"<p>Es inter\u00e9s de EPOXIGEN S.A. de C.V., de sus empresas subsidiarias o controladas (en lo sucesivo de manera conjunta o<\/p>\n","protected":false},"author":2,"featured_media":0,"parent":0,"menu_order":0,"comment_status":"closed","ping_status":"closed","template":"elementor_header_footer","meta":{"_joinchat":[],"footnotes":""},"class_list":["post-8606","page","type-page","status-publish","hentry"],"_links":{"self":[{"href":"https:\/\/resinaepoxica.mx\/index.php\/wp-json\/wp\/v2\/pages\/8606","targetHints":{"allow":["GET"]}}],"collection":[{"href":"https:\/\/resinaepoxica.mx\/index.php\/wp-json\/wp\/v2\/pages"}],"about":[{"href":"https:\/\/resinaepoxica.mx\/index.php\/wp-json\/wp\/v2\/types\/page"}],"author":[{"embeddable":true,"href":"https:\/\/resinaepoxica.mx\/index.php\/wp-json\/wp\/v2\/users\/2"}],"replies":[{"embeddable":true,"href":"https:\/\/resinaepoxica.mx\/index.php\/wp-json\/wp\/v2\/comments?post=8606"}],"version-history":[{"count":29,"href":"https:\/\/resinaepoxica.mx\/index.php\/wp-json\/wp\/v2\/pages\/8606\/revisions"}],"predecessor-version":[{"id":9306,"href":"https:\/\/resinaepoxica.mx\/index.php\/wp-json\/wp\/v2\/pages\/8606\/revisions\/9306"}],"wp:attachment":[{"href":"https:\/\/resinaepoxica.mx\/index.php\/wp-json\/wp\/v2\/media?parent=8606"}],"curies":[{"name":"wp","href":"https:\/\/api.w.org\/{rel}","templated":true}]}}