{"id":8612,"date":"2022-07-04T18:35:07","date_gmt":"2022-07-04T18:35:07","guid":{"rendered":"http:\/\/resinaepoxica.mx\/?page_id=8612"},"modified":"2022-07-15T15:48:51","modified_gmt":"2022-07-15T15:48:51","slug":"terminos-y-condiciones","status":"publish","type":"page","link":"https:\/\/resinaepoxica.mx\/index.php\/terminos-y-condiciones\/","title":{"rendered":"T\u00e9rminos y Condiciones"},"content":{"rendered":"\t\t<div data-elementor-type=\"wp-page\" data-elementor-id=\"8612\" class=\"elementor elementor-8612\">\n\t\t\t\t\t\t<section class=\"wd-negative-gap elementor-section elementor-top-section elementor-element elementor-element-757f41d elementor-section-boxed elementor-section-height-default elementor-section-height-default wd-section-disabled\" data-id=\"757f41d\" data-element_type=\"section\">\n\t\t\t\t\t\t<div class=\"elementor-container elementor-column-gap-default\">\n\t\t\t\t\t<div class=\"elementor-column elementor-col-100 elementor-top-column elementor-element elementor-element-745250e\" data-id=\"745250e\" data-element_type=\"column\">\n\t\t\t<div class=\"elementor-widget-wrap elementor-element-populated\">\n\t\t\t\t\t\t<div class=\"elementor-element elementor-element-3660868 color-scheme-inherit text-left elementor-widget elementor-widget-text-editor\" data-id=\"3660868\" data-element_type=\"widget\" data-widget_type=\"text-editor.default\">\n\t\t\t\t<div class=\"elementor-widget-container\">\n\t\t\t<style>\/*! elementor - v3.20.0 - 20-03-2024 *\/\n.elementor-widget-text-editor.elementor-drop-cap-view-stacked .elementor-drop-cap{background-color:#69727d;color:#fff}.elementor-widget-text-editor.elementor-drop-cap-view-framed .elementor-drop-cap{color:#69727d;border:3px solid;background-color:transparent}.elementor-widget-text-editor:not(.elementor-drop-cap-view-default) .elementor-drop-cap{margin-top:8px}.elementor-widget-text-editor:not(.elementor-drop-cap-view-default) .elementor-drop-cap-letter{width:1em;height:1em}.elementor-widget-text-editor .elementor-drop-cap{float:left;text-align:center;line-height:1;font-size:50px}.elementor-widget-text-editor .elementor-drop-cap-letter{display:inline-block}<\/style>\t\t\t\t<p><strong>INTRODUCCI\u00d3N<\/strong><br>Bienvenido a \u201cEPOXIGEN\u201d<br>Por favor, lea los siguientes t\u00e9rminos y condiciones reglas b\u00e1sicas que rigen el uso de \u201c<span style=\"font-family: Lato, Arial, Helvetica, sans-serif; font-size: 14px; font-style: normal; font-variant-ligatures: normal; font-variant-caps: normal; font-weight: 700; background-color: var(--wd-main-bgcolor);\">EPOXIGEN<\/span><span style=\"font-size: 14px; background-color: var(--wd-main-bgcolor);\">\u201d (en adelante, las \u201cReglas\u201d).<\/span><\/p>\n<p><strong>IMPORTANTE.<\/strong><br>El uso de \u201c<span style=\"font-family: Lato, Arial, Helvetica, sans-serif; font-size: 14px; font-style: normal; font-variant-ligatures: normal; font-variant-caps: normal; font-weight: 700; background-color: var(--wd-main-bgcolor);\">EPOXIGEN<\/span><span style=\"font-size: 14px; background-color: var(--wd-main-bgcolor);\">\u201d (el \u201cWebsite\u201d) es exclusivo para la Rep\u00fablica Mexicana e implica la aceptaci\u00f3n incondicional e irrevocable de que toda la informaci\u00f3n y actividades realizadas mediante el Website se encuentran regidas por estos T\u00e9rminos y Condiciones. Asimismo, los T\u00e9rminos y Condiciones podr\u00e1n ser cambiados por&nbsp;<\/span><span style=\"font-family: Lato, Arial, Helvetica, sans-serif; font-size: 14px; font-style: normal; font-variant-ligatures: normal; font-variant-caps: normal; font-weight: 700; background-color: var(--wd-main-bgcolor);\">EPOXIGEN<\/span><span style=\"background-color: var(--wd-main-bgcolor); font-size: 14px;\">&nbsp;(Claro), en cualquier momento y a exclusivo criterio de \u00e9sta, raz\u00f3n por la cual Usted deber\u00e1 revisar estos t\u00e9rminos y condiciones cada vez que visite el Website.&nbsp;<\/span><span style=\"font-family: Lato, Arial, Helvetica, sans-serif; font-size: 14px; font-style: normal; font-variant-ligatures: normal; font-variant-caps: normal; font-weight: 700; background-color: var(--wd-main-bgcolor);\">EPOXIGEN<\/span><span style=\"font-size: 14px; background-color: var(--wd-main-bgcolor);\">&nbsp;se reserva el derecho de modificar o interrumpir el servicio ofrecido, ya sea en forma permanente o transitoria, sin aviso previo y\/o consentimiento de usuarios, en cualquier momento y a exclusivo criterio de \u00e9sta.&nbsp;<\/span><span style=\"font-size: 14px; background-color: var(--wd-main-bgcolor);\">La informaci\u00f3n personal que usted (el \u201cUsuario\u201d) ingresa es totalmente confidencial y se mantiene, en forma estricta entre usuario y&nbsp;<\/span><span style=\"font-family: Lato, Arial, Helvetica, sans-serif; font-size: 14px; font-style: normal; font-variant-ligatures: normal; font-variant-caps: normal; font-weight: 700; background-color: var(--wd-main-bgcolor);\">EPOXIGEN<\/span><span style=\"background-color: var(--wd-main-bgcolor); font-size: 14px;\">. En ning\u00fan caso ser\u00e1 entregada a terceros.<\/span><\/p>\n<p><strong>USO DEL WEBSITE<\/strong><br>Mediante el uso del Website el Usuario acepta los T\u00e9rminos y Condiciones, y declara bajo juramento tener 18 a\u00f1os de edad o m\u00e1s. Si usted es menor de 18 a\u00f1os de edad deber\u00e1 abstenerse de usar el Website. Los padres, tutores o responsables de los menores de 18 a\u00f1os que utilicen el Website son plena y exclusivamente responsables por el uso del Website por parte de \u00e9stos, incluyendo, y sin limitar, cualquier cargo o costo en que se pueda incurrir como consecuencia de tal uso.<br>Si usted no est\u00e1 de acuerdo en todos y cada uno de los t\u00e9rminos aqu\u00ed expresados, abst\u00e9ngase de usar el Website.<br>Toda la informaci\u00f3n que usted proporciona deber\u00e1 ser verdadera, exacta y completa. El Usuario es \u00fanico y exclusivo responsable de la informaci\u00f3n que brinda mediante el uso del Website. El Usuario ser\u00e1 \u00fanico y exclusivo responsable respecto de las consecuencias que genere cualquier inexactitud o falsedad de la informaci\u00f3n brindada. Todos los elementos, incluidas las im\u00e1genes, textos, ilustraciones, \u00edconos, logo e isotipos, fotograf\u00edas, programas, animaciones, cualquier m\u00fasica, melod\u00eda, video clip y cualquier otro elemento que forma parte del Website s\u00f3lo tiene como destino la comercializaci\u00f3n de productos por parte de&nbsp;<span style=\"font-family: Lato, Arial, Helvetica, sans-serif; font-size: 14px; font-style: normal; font-variant-ligatures: normal; font-variant-caps: normal; font-weight: 700; background-color: var(--wd-main-bgcolor);\">EPOXIGEN<\/span><span style=\"font-size: 14px; background-color: var(--wd-main-bgcolor);\">, y se encuentra prohibida cualquier reproducci\u00f3n, modificaci\u00f3n o distribuci\u00f3n de los mismos.&nbsp;<\/span><span style=\"font-size: 14px; background-color: var(--wd-main-bgcolor);\">Todos los comentarios, sugerencias o ideas suministradas por el Usuario ser\u00e1n propiedad de&nbsp;<\/span><span style=\"font-family: Lato, Arial, Helvetica, sans-serif; font-size: 14px; font-style: normal; font-variant-ligatures: normal; font-variant-caps: normal; font-weight: 700; background-color: var(--wd-main-bgcolor);\">EPOXIGEN<\/span><span style=\"background-color: var(--wd-main-bgcolor); font-size: 14px;\">.<\/span><\/p>\n<p><strong>COMPRA DE PRODUCTOS<\/strong><br>La compra de productos o servicios ofrecidos en el Website se encuentra sujeta a disponibilidad de stock.<br>Los productos o servicios y los precios, ofrecidos en el Website no necesariamente coincidir\u00e1n con los productos, servicios y precios ofrecidos en los locales de venta de Claro.<\/p>\n<p><strong>PRECIOS<\/strong><br>Todos los precios son m\u00e1s IVA.<br>Los precios de los productos y servicios elegidos en el momento de la compra pueden sufrir modificaciones al momento de la facturaci\u00f3n de los mismos.<\/p>\n<p><strong>CONDICIONES DE PAGO<\/strong><br>Las ofertas y promociones tienen validez para los pedidos hechos en la fecha de comienzo de la misma, hasta los pedidos entregados en la fecha de finalizaci\u00f3n de la misma.<br>Usted puede pagar su compra exclusivamente con tarjetas de cr\u00e9dito y d\u00e9bito.<br>El pago con tarjeta de&nbsp;<strong>CR\u00c9DITO<\/strong>:<br>El pago electr\u00f3nico se har\u00e1 efectivo en el momento de la facturaci\u00f3n del pedido y no en el momento de la confirmaci\u00f3n de la compra. Ante la imposibilidad de concretar la operaci\u00f3n, un operador se comunicar\u00e1 con usted, para definir un nuevo medio de pago.<br>El sistema permite el pago en cuotas con inter\u00e9s, para acceder a este beneficio, deber\u00e1 seleccionar el medio de pago y modalidad correspondiente.<\/p>\n<p><strong>FACTURACI\u00d3N<\/strong><br>Si usted necesita discriminar IVA deber\u00e1 registrar sus datos fiscales en el campo destinado para tal fin, al enviar el pedido.&nbsp;<span style=\"font-family: Lato, Arial, Helvetica, sans-serif; font-size: 14px; font-style: normal; font-variant-ligatures: normal; font-variant-caps: normal; font-weight: 700; background-color: var(--wd-main-bgcolor);\">EPOXIGEN<\/span><span style=\"font-size: 14px; background-color: var(--wd-main-bgcolor);\">&nbsp;es agente de retenci\u00f3n, por lo que pueden surgir casos en los que se incluyan percepciones, tasas y\/o impuestos fijados por las autoridades competentes, en la facturaci\u00f3n a Responsables Inscriptos. Adem\u00e1s, al momento de recibir el pedido deber\u00e1 entregar al cadete la correspondiente constancia de inscripci\u00f3n de IVA (copia).<\/span><\/p>\n<p><strong>ENTREGAS<\/strong><br>Comercializadora&nbsp;<span style=\"font-family: Lato, Arial, Helvetica, sans-serif; font-size: 14px; font-style: normal; font-variant-ligatures: normal; font-variant-caps: normal; font-weight: 700; background-color: var(--wd-main-bgcolor);\">EPOXIGEN<\/span><span style=\"font-size: 14px; background-color: var(--wd-main-bgcolor);\">&nbsp;S.A. de C.V. realizar\u00e1 sus mejores esfuerzos para entregar los bienes y\/o productos dentro de un lapso indicado por el vendedor a partir de la Confirmaci\u00f3n de Pedido, siempre que el domicilio indicado por el Cliente en la Orden de Compra se encuentre dentro de un radio de cinco kil\u00f3metros de la sucursal de&nbsp;<\/span><span style=\"font-family: Lato, Arial, Helvetica, sans-serif; font-size: 14px; font-style: normal; font-variant-ligatures: normal; font-variant-caps: normal; font-weight: 700; background-color: var(--wd-main-bgcolor);\">EPOXIGEN<\/span><span style=\"font-size: 14px; background-color: var(--wd-main-bgcolor);\">&nbsp;m\u00e1s cercana a dicho domicilio. El Cliente deber\u00e1 verificar que el bien y\/o producto sea el mismo que el descrito en la Confirmaci\u00f3n de Pedido y en la Oferta de Compra.&nbsp;<\/span><strong style=\"font-size: 14px; background-color: var(--wd-main-bgcolor);\">* Los env\u00edos ser\u00e1n gratuitos cuando este dentro de los cinco kil\u00f3metros alrededor de cada sucursal&nbsp;<\/strong><span style=\"font-family: Lato, Arial, Helvetica, sans-serif; font-size: 14px; font-style: normal; font-variant-ligatures: normal; font-variant-caps: normal; font-weight: 700; background-color: var(--wd-main-bgcolor);\">EPOXIGEN<\/span><strong style=\"font-size: 14px; background-color: var(--wd-main-bgcolor);\">.<\/strong><\/p>\n<p>Como restricciones en nuestro servicio adicional de reparto, en aquellas compras menores a $2,000.00 (dos mil pesos M.N.), el costo por env\u00edo es de $300.00 (tres ciento pesos M.N.). Los kil\u00f3metros del servicio de reparto pudieran ser menos de tres kil\u00f3metros, por situaciones de seguridad y dificultad geogr\u00e1fica, consulte lo anterior a trav\u00e9s de nuestra l\u00ednea&nbsp;<span style=\"font-family: Lato, Arial, Helvetica, sans-serif; font-size: 14px; font-style: normal; font-variant-ligatures: normal; font-variant-caps: normal; font-weight: 700; background-color: var(--wd-main-bgcolor);\">EPOXIGEN<\/span><span style=\"font-size: 14px; background-color: var(--wd-main-bgcolor);\">&nbsp;al&nbsp;<\/span><a href=\"tel:5528588883\" style=\"background-color: var(--wd-main-bgcolor);\">55-9596-5681<\/a><span style=\"font-size: 14px; background-color: var(--wd-main-bgcolor);\">&nbsp;\u00c1rea Metropolitana o en nuestro sitio. Nuestro servicio de reparto ser\u00e1 entregado en un lapso de 5 a 15 d\u00edas a partir de que haya recibido su Confirmaci\u00f3n de Pedido al concluir su compra en nuestro portal y\/o Usted haya confirmado su pedido con uno de nuestros ejecutivos. El Cliente est\u00e1 consciente de que existen situaciones ajenas al servicio como pueden ser: eventos meteorol\u00f3gicos adversos (lluvia, granizo, inundaciones, entre otros), obras, cierres viales, manifestaciones, o cualquier otro hecho que dificulte el tiempo de entrega, pudiendo retrasarse m\u00e1s de lo antes se\u00f1alado o suspenderse. Es importante precisar, que en caso de existir distintos puntos de revisi\u00f3n como casetas o puestos de vigilancia o el acceso complique la entrega, el tiempo ya mencionado podr\u00e1 correr a partir de estos puntos de contacto.<\/span><\/p>\n<p>El pedido no podr\u00e1 ser entregado a menores de edad.<br>Las entregas se realizan de Lunes a Viernes de 10 a 18 horas.<\/p>\n<p><strong>INDEMNIDAD<\/strong><br>El Usuario se obliga en forma expresa e irrevocable a mantener absolutamente indemne a&nbsp;<span style=\"font-family: Lato, Arial, Helvetica, sans-serif; font-size: 14px; font-style: normal; font-variant-ligatures: normal; font-variant-caps: normal; font-weight: 700; background-color: var(--wd-main-bgcolor);\">EPOXIGEN<\/span><span style=\"font-size: 14px; background-color: var(--wd-main-bgcolor);\">, respecto a cualquier reclamo y\/o demanda y\/o sanci\u00f3n extrajudicial, administrativo o judicial, de cualquier tercero, derivada del uso del Website, o en caso de verificarse la existencia de multas y\/o deudas de cualquier tipo generadas por el Usuario o la actividad del mismo realizada en o mediante el Website.<\/span><\/p><p>El Usuario acepta que el uso del Website se realiza bajo su propia, exclusiva y \u00fanica responsabilidad.&nbsp;<span style=\"font-family: Lato, Arial, Helvetica, sans-serif; font-size: 14px; font-style: normal; font-variant-ligatures: normal; font-variant-caps: normal; font-weight: 700; background-color: var(--wd-main-bgcolor);\">EPOXIGEN<\/span><span style=\"font-size: 14px; background-color: var(--wd-main-bgcolor);\">&nbsp;no se responsabiliza por ning\u00fan da\u00f1o o perjuicio, directo o indirecto, incluyendo sin ning\u00fan tipo de limitaci\u00f3n da\u00f1os producidos por las p\u00e9rdidas o deterioros de la informaci\u00f3n, ni por las demoras, interrupciones y defectos que pudieran existir en las transmisiones, mediante la utilizaci\u00f3n del Servicio, as\u00ed como tampoco de los virus o fallas del sistema.<\/span><\/p>\n<p><strong>LEY APLICABLE<\/strong><br>La prestaci\u00f3n del Servicio regulado por estas Condiciones Generales se regir\u00e1 por la legislaci\u00f3n de la Rep\u00fablica Mexicana. El Usuario y&nbsp;<span style=\"font-family: Lato, Arial, Helvetica, sans-serif; font-size: 14px; font-style: normal; font-variant-ligatures: normal; font-variant-caps: normal; font-weight: 700; background-color: var(--wd-main-bgcolor);\">EPOXIGEN<\/span><span style=\"font-size: 14px; background-color: var(--wd-main-bgcolor);\">&nbsp;acuerdan expresamente en someterse a la jurisdicci\u00f3n de los tribunales ordinarios de la Ciudad de M\u00e9xico, renunciando a cualquier otro fuero o jurisdicci\u00f3n que pudiera corresponder. En caso de cualquier litigio, el Cliente renuncia a interponer excepci\u00f3n de arraigo respecto de&nbsp;<\/span><span style=\"font-family: Lato, Arial, Helvetica, sans-serif; font-size: 14px; font-style: normal; font-variant-ligatures: normal; font-variant-caps: normal; font-weight: 700; background-color: var(--wd-main-bgcolor);\">EPOXIGEN<\/span><span style=\"font-size: 14px; background-color: var(--wd-main-bgcolor);\">&nbsp;y\/o sus controlantes, controladas, o sociedades bajo el control com\u00fan en cualquier pa\u00eds.<\/span><\/p>\t\t\t\t\t\t<\/div>\n\t\t\t\t<\/div>\n\t\t\t\t\t<\/div>\n\t\t<\/div>\n\t\t\t\t\t<\/div>\n\t\t<\/section>\n\t\t\t\t<\/div>\n\t\t","protected":false},"excerpt":{"rendered":"<p>INTRODUCCI\u00d3NBienvenido a \u201cEPOXIGEN\u201dPor favor, lea los siguientes t\u00e9rminos y condiciones reglas b\u00e1sicas que rigen el uso de \u201cEPOXIGEN\u201d (en adelante,<\/p>\n","protected":false},"author":2,"featured_media":0,"parent":0,"menu_order":0,"comment_status":"closed","ping_status":"closed","template":"elementor_header_footer","meta":{"_joinchat":[],"footnotes":""},"class_list":["post-8612","page","type-page","status-publish","hentry"],"_links":{"self":[{"href":"https:\/\/resinaepoxica.mx\/index.php\/wp-json\/wp\/v2\/pages\/8612","targetHints":{"allow":["GET"]}}],"collection":[{"href":"https:\/\/resinaepoxica.mx\/index.php\/wp-json\/wp\/v2\/pages"}],"about":[{"href":"https:\/\/resinaepoxica.mx\/index.php\/wp-json\/wp\/v2\/types\/page"}],"author":[{"embeddable":true,"href":"https:\/\/resinaepoxica.mx\/index.php\/wp-json\/wp\/v2\/users\/2"}],"replies":[{"embeddable":true,"href":"https:\/\/resinaepoxica.mx\/index.php\/wp-json\/wp\/v2\/comments?post=8612"}],"version-history":[{"count":23,"href":"https:\/\/resinaepoxica.mx\/index.php\/wp-json\/wp\/v2\/pages\/8612\/revisions"}],"predecessor-version":[{"id":9303,"href":"https:\/\/resinaepoxica.mx\/index.php\/wp-json\/wp\/v2\/pages\/8612\/revisions\/9303"}],"wp:attachment":[{"href":"https:\/\/resinaepoxica.mx\/index.php\/wp-json\/wp\/v2\/media?parent=8612"}],"curies":[{"name":"wp","href":"https:\/\/api.w.org\/{rel}","templated":true}]}}