{"id":8864,"date":"2022-07-11T17:21:22","date_gmt":"2022-07-11T17:21:22","guid":{"rendered":"https:\/\/resinaepoxica.mx\/?post_type=product&#038;p=8864"},"modified":"2022-07-11T17:21:23","modified_gmt":"2022-07-11T17:21:23","slug":"master-capa-de-acabado-32oz","status":"publish","type":"product","link":"https:\/\/resinaepoxica.mx\/index.php\/producto\/master-capa-de-acabado-32oz\/","title":{"rendered":"Master \u2013 Capa de acabado 32oz"},"content":{"rendered":"<ul class=\"a-unordered-list a-vertical a-spacing-mini\">\n<li><span class=\"a-list-item\">Adecuado para una variedad de superficies interiores y exteriores como puertas, molduras de corona, muebles de exterior y mucho m\u00e1s<\/span><\/li>\n<li><span class=\"a-list-item\">F\u00f3rmula a base de agua con bajo olor y bajo contenido de COV<\/span><\/li>\n<li><span class=\"a-list-item\">Se seca al tacto en 30 minutos y cubre hasta 100 pies cuadrados. cuadrados.<\/span><\/li>\n<li><span class=\"a-list-item\">Revestimiento duradero y transparente que ofrece a\u00f1os de protecci\u00f3n, incluyendo UV, alta resistencia al tr\u00e1fico y a la intemperie<\/span><\/li>\n<li><span class=\"a-list-item\">Proporciona una capa superior de sat\u00e9n suave sin afectar el brillo met\u00e1lico<\/span><\/li>\n<\/ul>\n<p>&nbsp;<\/p>\n","protected":false},"excerpt":{"rendered":"<table class=\"a-normal a-spacing-micro\">\n<tbody>\n<tr class=\"a-spacing-small po-paint_type\">\n<td class=\"a-span3\"><span class=\"a-size-base a-text-bold\">Tipo de pintura<\/span><\/td>\n<td class=\"a-span9\"><span class=\"a-size-base\">Acrylic<\/span><\/td>\n<\/tr>\n<tr class=\"a-spacing-small po-surface_recommendation\">\n<td class=\"a-span3\"><span class=\"a-size-base a-text-bold\">Recomendaci\u00f3n de superficie<\/span><\/td>\n<td class=\"a-span9\"><span class=\"a-size-base\">Doors<\/span><\/td>\n<\/tr>\n<tr class=\"a-spacing-small po-brand\">\n<td class=\"a-span3\"><span class=\"a-size-base a-text-bold\">Marca<\/span><\/td>\n<td class=\"a-span9\"><span class=\"a-size-base\">Modern Masters<\/span><\/td>\n<\/tr>\n<tr class=\"a-spacing-small po-color\">\n<td class=\"a-span3\"><span class=\"a-size-base a-text-bold\">Color<\/span><\/td>\n<td class=\"a-span9\"><span class=\"a-size-base\">Transparente<\/span><\/td>\n<\/tr>\n<tr class=\"a-spacing-small po-unit_count\">\n<td class=\"a-span3\"><span class=\"a-size-base a-text-bold\">Recuento de unidades<\/span><\/td>\n<td class=\"a-span9\"><span class=\"a-size-base\">1.0 Count<\/span><\/td>\n<\/tr>\n<tr class=\"a-spacing-small po-included_components\">\n<td class=\"a-span3\"><span class=\"a-size-base a-text-bold\">Componentes incluidos<\/span><\/td>\n<td class=\"a-span9\"><span class=\"a-size-base\">Pintura met\u00e1lica<\/span><\/td>\n<\/tr>\n<tr class=\"a-spacing-small po-age_range_description\">\n<td class=\"a-span3\"><span class=\"a-size-base a-text-bold\">Rango de edad (descripci\u00f3n)<\/span><\/td>\n<td class=\"a-span9\"><span class=\"a-size-base\">Adult<\/span><\/td>\n<\/tr>\n<tr class=\"a-spacing-small po-specific_uses_for_product\">\n<td class=\"a-span3\"><span class=\"a-size-base a-text-bold\">Uso<\/span><\/td>\n<td class=\"a-span9\"><span class=\"a-size-base\">Inside; Amateur<\/span><\/td>\n<\/tr>\n<tr class=\"a-spacing-small po-finish_type\">\n<td class=\"a-span3\"><span class=\"a-size-base a-text-bold\">Tipo de acabado<\/span><\/td>\n<td class=\"a-span9\"><span class=\"a-size-base\">Acabado.<\/span><\/td>\n<\/tr>\n<tr class=\"a-spacing-small po-size\">\n<td class=\"a-span3\"><span class=\"a-size-base a-text-bold\">Talla<\/span><\/td>\n<td class=\"a-span9\"><span class=\"a-size-base\">32 onza<\/span><\/td>\n<\/tr>\n<\/tbody>\n<\/table>\n","protected":false},"featured_media":8865,"comment_status":"open","ping_status":"closed","template":"","meta":{"_joinchat":[]},"product_cat":[82],"product_tag":[],"class_list":{"0":"post-8864","1":"product","2":"type-product","3":"status-publish","4":"has-post-thumbnail","6":"product_cat-productos","8":"first","9":"instock","10":"shipping-taxable","11":"purchasable","12":"product-type-simple"},"_links":{"self":[{"href":"https:\/\/resinaepoxica.mx\/index.php\/wp-json\/wp\/v2\/product\/8864","targetHints":{"allow":["GET"]}}],"collection":[{"href":"https:\/\/resinaepoxica.mx\/index.php\/wp-json\/wp\/v2\/product"}],"about":[{"href":"https:\/\/resinaepoxica.mx\/index.php\/wp-json\/wp\/v2\/types\/product"}],"replies":[{"embeddable":true,"href":"https:\/\/resinaepoxica.mx\/index.php\/wp-json\/wp\/v2\/comments?post=8864"}],"version-history":[{"count":1,"href":"https:\/\/resinaepoxica.mx\/index.php\/wp-json\/wp\/v2\/product\/8864\/revisions"}],"predecessor-version":[{"id":8866,"href":"https:\/\/resinaepoxica.mx\/index.php\/wp-json\/wp\/v2\/product\/8864\/revisions\/8866"}],"wp:featuredmedia":[{"embeddable":true,"href":"https:\/\/resinaepoxica.mx\/index.php\/wp-json\/wp\/v2\/media\/8865"}],"wp:attachment":[{"href":"https:\/\/resinaepoxica.mx\/index.php\/wp-json\/wp\/v2\/media?parent=8864"}],"wp:term":[{"taxonomy":"product_cat","embeddable":true,"href":"https:\/\/resinaepoxica.mx\/index.php\/wp-json\/wp\/v2\/product_cat?post=8864"},{"taxonomy":"product_tag","embeddable":true,"href":"https:\/\/resinaepoxica.mx\/index.php\/wp-json\/wp\/v2\/product_tag?post=8864"}],"curies":[{"name":"wp","href":"https:\/\/api.w.org\/{rel}","templated":true}]}}