{"id":9307,"date":"2022-07-15T17:58:35","date_gmt":"2022-07-15T17:58:35","guid":{"rendered":"https:\/\/resinaepoxica.mx\/?post_type=product&#038;p=9307"},"modified":"2022-07-15T18:00:57","modified_gmt":"2022-07-15T18:00:57","slug":"sltk-fiber-est","status":"publish","type":"product","link":"https:\/\/resinaepoxica.mx\/index.php\/producto\/sltk-fiber-est\/","title":{"rendered":"SLTK Fiber Est"},"content":{"rendered":"<p>Son microfibras copolim\u00e9ricas y microfibras de polipropileno 100% virgen, que establecen y conforman grupos \u00fanicos en un sistema sin\u00e9rgico de gran desempe\u00f1o para mejorar la resistencia al impacto, incrementar la resistencia a la fatiga y la vida \u00fatil de concreto y morteros.<\/p>\n<p>USOS<\/p>\n<p>SLTK Fiber Est Esta dise\u00f1ada para utilizarse:<\/p>\n<ul>\n<li>\u00a0Pisos industriales, pavimentos, plataformas de puentes y muelles de carga.<\/li>\n<li>\u00c1reas y concretos en centros comerciales, viviendas y edificios.<\/li>\n<li>Concreto lanzado (shocrete).<\/li>\n<li>Canales, t\u00faneles y en la industria minera.<\/li>\n<li>Tanques de agua, lagunas artificiales, albercas, lumbreras y estabilizaci\u00f3n de taludes.<\/li>\n<li>Concretos estructurales y concretos prefabricados.<\/li>\n<\/ul>\n","protected":false},"excerpt":{"rendered":"<p>Microfibras copolim\u00e9ricas y microfibras de polipropileno 100% virgen.<\/p>\n","protected":false},"featured_media":9308,"comment_status":"open","ping_status":"closed","template":"","meta":{"_joinchat":[]},"product_cat":[20],"product_tag":[],"class_list":{"0":"post-9307","1":"product","2":"type-product","3":"status-publish","4":"has-post-thumbnail","6":"product_cat-accessories","8":"first","9":"instock","10":"shipping-taxable","11":"product-type-simple"},"_links":{"self":[{"href":"https:\/\/resinaepoxica.mx\/index.php\/wp-json\/wp\/v2\/product\/9307","targetHints":{"allow":["GET"]}}],"collection":[{"href":"https:\/\/resinaepoxica.mx\/index.php\/wp-json\/wp\/v2\/product"}],"about":[{"href":"https:\/\/resinaepoxica.mx\/index.php\/wp-json\/wp\/v2\/types\/product"}],"replies":[{"embeddable":true,"href":"https:\/\/resinaepoxica.mx\/index.php\/wp-json\/wp\/v2\/comments?post=9307"}],"version-history":[{"count":3,"href":"https:\/\/resinaepoxica.mx\/index.php\/wp-json\/wp\/v2\/product\/9307\/revisions"}],"predecessor-version":[{"id":9314,"href":"https:\/\/resinaepoxica.mx\/index.php\/wp-json\/wp\/v2\/product\/9307\/revisions\/9314"}],"wp:featuredmedia":[{"embeddable":true,"href":"https:\/\/resinaepoxica.mx\/index.php\/wp-json\/wp\/v2\/media\/9308"}],"wp:attachment":[{"href":"https:\/\/resinaepoxica.mx\/index.php\/wp-json\/wp\/v2\/media?parent=9307"}],"wp:term":[{"taxonomy":"product_cat","embeddable":true,"href":"https:\/\/resinaepoxica.mx\/index.php\/wp-json\/wp\/v2\/product_cat?post=9307"},{"taxonomy":"product_tag","embeddable":true,"href":"https:\/\/resinaepoxica.mx\/index.php\/wp-json\/wp\/v2\/product_tag?post=9307"}],"curies":[{"name":"wp","href":"https:\/\/api.w.org\/{rel}","templated":true}]}}