{"id":9327,"date":"2022-07-15T18:06:04","date_gmt":"2022-07-15T18:06:04","guid":{"rendered":"https:\/\/resinaepoxica.mx\/?post_type=product&#038;p=9327"},"modified":"2022-07-15T18:07:01","modified_gmt":"2022-07-15T18:07:01","slug":"sltk-microfiber-antibacterial","status":"publish","type":"product","link":"https:\/\/resinaepoxica.mx\/index.php\/producto\/sltk-microfiber-antibacterial\/","title":{"rendered":"SLTK Microfiber Antibacterial"},"content":{"rendered":"<p>Son fibras de polipropileno en forma de multifilamentos, que act\u00faan como refuerzo secundario en concreto y morteros reduce agrietamientos producidos por contracci\u00f3n pl\u00e1stica en concretos en estado fresco y por temperatura en estado endurecido adicionalmente, protege el concreto contra el ataque de hongos, microbios, bacterias y levaduras.<\/p>\n<p>USOS:<\/p>\n<ul>\n<li>Concreto convencional.<\/li>\n<li>Loseta de concreto.<\/li>\n<li>Pisos industriales.<\/li>\n<li>Concreto para plataformas mar\u00edtimas y de aeropuertos.<\/li>\n<li>Concreto para pavimentos cimentaciones, muros y tanques.<\/li>\n<li>Concreto para prefabricados y lanzados.<\/li>\n<li>Concretos pretensados y postensados.<\/li>\n<li>Cisternas, albercas, espejos de agua y \u00e1reas de deportes acu\u00e1ticos.<\/li>\n<li>Como remplazo de mallas electrosoldadas.<\/li>\n<li>Hospitales, guarder\u00edas y cl\u00ednicas, plantas de elaboraci\u00f3n de alimentos y laboratorios.<\/li>\n<li>Plantas de tratamiento de aguas residuales, granjas av\u00edcolas, porc\u00edcolas y para ganados, comedores y cocinas comerciales etc.<\/li>\n<\/ul>\n","protected":false},"excerpt":{"rendered":"<p>Fibras de polipropileno en forma de multifilamentos<\/p>\n","protected":false},"featured_media":9328,"comment_status":"open","ping_status":"closed","template":"","meta":{"_joinchat":[]},"product_cat":[20],"product_tag":[],"class_list":{"0":"post-9327","1":"product","2":"type-product","3":"status-publish","4":"has-post-thumbnail","6":"product_cat-accessories","8":"first","9":"instock","10":"shipping-taxable","11":"product-type-simple"},"_links":{"self":[{"href":"https:\/\/resinaepoxica.mx\/index.php\/wp-json\/wp\/v2\/product\/9327","targetHints":{"allow":["GET"]}}],"collection":[{"href":"https:\/\/resinaepoxica.mx\/index.php\/wp-json\/wp\/v2\/product"}],"about":[{"href":"https:\/\/resinaepoxica.mx\/index.php\/wp-json\/wp\/v2\/types\/product"}],"replies":[{"embeddable":true,"href":"https:\/\/resinaepoxica.mx\/index.php\/wp-json\/wp\/v2\/comments?post=9327"}],"version-history":[{"count":1,"href":"https:\/\/resinaepoxica.mx\/index.php\/wp-json\/wp\/v2\/product\/9327\/revisions"}],"predecessor-version":[{"id":9329,"href":"https:\/\/resinaepoxica.mx\/index.php\/wp-json\/wp\/v2\/product\/9327\/revisions\/9329"}],"wp:featuredmedia":[{"embeddable":true,"href":"https:\/\/resinaepoxica.mx\/index.php\/wp-json\/wp\/v2\/media\/9328"}],"wp:attachment":[{"href":"https:\/\/resinaepoxica.mx\/index.php\/wp-json\/wp\/v2\/media?parent=9327"}],"wp:term":[{"taxonomy":"product_cat","embeddable":true,"href":"https:\/\/resinaepoxica.mx\/index.php\/wp-json\/wp\/v2\/product_cat?post=9327"},{"taxonomy":"product_tag","embeddable":true,"href":"https:\/\/resinaepoxica.mx\/index.php\/wp-json\/wp\/v2\/product_tag?post=9327"}],"curies":[{"name":"wp","href":"https:\/\/api.w.org\/{rel}","templated":true}]}}