{"id":9333,"date":"2022-07-15T18:10:25","date_gmt":"2022-07-15T18:10:25","guid":{"rendered":"https:\/\/resinaepoxica.mx\/?post_type=product&#038;p=9333"},"modified":"2022-07-15T18:12:03","modified_gmt":"2022-07-15T18:12:03","slug":"sltk-dur-ec-s","status":"publish","type":"product","link":"https:\/\/resinaepoxica.mx\/index.php\/producto\/sltk-dur-ec-s\/","title":{"rendered":"SLTK dur EC-S"},"content":{"rendered":"<h3>Usos<\/h3>\n<p>SLTK dur EC\u2022S es recomendado para:<\/p>\n<ul>\n<li>\u00c1reas y superficies donde se requiera aumentar la resistencia a la abrasi\u00f3n y desgaste para uso industrial.<\/li>\n<li>Protecci\u00f3n de pisos industriales en usos de tr\u00e1ficos ligeros, moderados y altos.<\/li>\n<li>Superficies de pisos de concreto coloreado y seg\u00fan dise\u00f1os establecidos.<\/li>\n<li>Aplicaci\u00f3n en pisos de tiendas de conveniencia y departamentales, escuelas, centros comerciales, pisos industriales, restaurantes, pisos de f\u00e1bricas, plataformas, almacenes, industria pesada, superficies horizontales, losas de concreto, estacionamientos, rampas, banquetas, pavimentos de concreto, muelles de carga, plantas de tratamiento, etc.<\/li>\n<\/ul>\n<h3>Ventajas<\/h3>\n<ul>\n<li>Aumenta la vida \u00fatil de los pisos de concreto.<\/li>\n<li>Alta resistencia a la abrasi\u00f3n y desgaste de pisos industriales y superficies de concreto.<\/li>\n<li>Produce superficies de concreto de alta densidad y color integral.<\/li>\n<li>Excelente integraci\u00f3n a la matriz de concreto.<\/li>\n<li>Bajos costos de mantenimiento por desgastes de pisos.<\/li>\n<li>Aplicaci\u00f3n en interiores y exteriores.<\/li>\n<li>Excelente trabajabilidad y finos acabados.<\/li>\n<li>Listo para usarse.<\/li>\n<li>Aplicaci\u00f3n con alto rango de temperatura +7 \u00b0C a +38 \u00b0C.<\/li>\n<\/ul>\n","protected":false},"excerpt":{"rendered":"<p>SLTK dur EC\u2022S endurecedor superficial para pisos de concreto base polvo %100 s\u00edlice, aditivos especiales, cemento y granulometr\u00eda controlada listo para utilizarse en pisos de concreto, interiores y exteriores, aumentando la resistencia al tr\u00e1fico.<\/p>\n","protected":false},"featured_media":9334,"comment_status":"open","ping_status":"closed","template":"","meta":{"_joinchat":[]},"product_cat":[20],"product_tag":[],"class_list":{"0":"post-9333","1":"product","2":"type-product","3":"status-publish","4":"has-post-thumbnail","6":"product_cat-accessories","8":"first","9":"instock","10":"shipping-taxable","11":"product-type-simple"},"_links":{"self":[{"href":"https:\/\/resinaepoxica.mx\/index.php\/wp-json\/wp\/v2\/product\/9333","targetHints":{"allow":["GET"]}}],"collection":[{"href":"https:\/\/resinaepoxica.mx\/index.php\/wp-json\/wp\/v2\/product"}],"about":[{"href":"https:\/\/resinaepoxica.mx\/index.php\/wp-json\/wp\/v2\/types\/product"}],"replies":[{"embeddable":true,"href":"https:\/\/resinaepoxica.mx\/index.php\/wp-json\/wp\/v2\/comments?post=9333"}],"version-history":[{"count":2,"href":"https:\/\/resinaepoxica.mx\/index.php\/wp-json\/wp\/v2\/product\/9333\/revisions"}],"predecessor-version":[{"id":9336,"href":"https:\/\/resinaepoxica.mx\/index.php\/wp-json\/wp\/v2\/product\/9333\/revisions\/9336"}],"wp:featuredmedia":[{"embeddable":true,"href":"https:\/\/resinaepoxica.mx\/index.php\/wp-json\/wp\/v2\/media\/9334"}],"wp:attachment":[{"href":"https:\/\/resinaepoxica.mx\/index.php\/wp-json\/wp\/v2\/media?parent=9333"}],"wp:term":[{"taxonomy":"product_cat","embeddable":true,"href":"https:\/\/resinaepoxica.mx\/index.php\/wp-json\/wp\/v2\/product_cat?post=9333"},{"taxonomy":"product_tag","embeddable":true,"href":"https:\/\/resinaepoxica.mx\/index.php\/wp-json\/wp\/v2\/product_tag?post=9333"}],"curies":[{"name":"wp","href":"https:\/\/api.w.org\/{rel}","templated":true}]}}