{"id":9347,"date":"2022-07-15T18:15:06","date_gmt":"2022-07-15T18:15:06","guid":{"rendered":"https:\/\/resinaepoxica.mx\/?post_type=product&#038;p=9347"},"modified":"2022-07-15T18:16:16","modified_gmt":"2022-07-15T18:16:16","slug":"sltk-membracril","status":"publish","type":"product","link":"https:\/\/resinaepoxica.mx\/index.php\/producto\/sltk-membracril\/","title":{"rendered":"SLTK Membracril"},"content":{"rendered":"<h3>Usos<\/h3>\n<p>El SLTK membracril est\u00e1 dise\u00f1ado para usarse en:<\/p>\n<ul>\n<li>Superficies de concreto durante su proceso de colado o superficies secas proporcionando un excelente brillo.<\/li>\n<li>Pisos industriales, pavimentos, plataformas de puentes y muelles de carga.<\/li>\n<li>\u00c1reas y concretos en bodegas, terrazas, centros comerciales, viviendas y edificios.<\/li>\n<li>Acabados de concreto est\u00e9ticos.<\/li>\n<li>Usos en interiores y exteriores.<\/li>\n<li>Superficies anti-polvos y selladas.<\/li>\n<\/ul>\n<h3>Ventajas<\/h3>\n<ul>\n<li>Promueve la resistencia de concretos cuando se trabaja a sol directo, altas temperaturas, bajas humedades relativas o vientos rasantes.<\/li>\n<li>Alta eficiencia en el proceso de curado, ya que ofrece retenci\u00f3n de humedad para el concreto reci\u00e9n colado.<\/li>\n<li>Permite el desarollo eficiente de resistencias a las diferentes edades.<\/li>\n<li>Protege el concreto y forma una superficie anti-polvo, con brillo y f\u00e1cil de limpiar una vez curado y seco.<\/li>\n<li>Previene la formaci\u00f3n de fisuras por contracci\u00f3n pl\u00e1stica.<\/li>\n<li>Puede ser utilizado en interiores y exteriores.<\/li>\n<li>Permite acabados sobre la superficie, como losetas, pinturas y alfombras (se recomiendan pruebas previas).<\/li>\n<li>F\u00e1cil uso.<\/li>\n<\/ul>\n","protected":false},"excerpt":{"rendered":"<p>Es una membrana de curado y sellado acr\u00edlica de base solvente, est\u00e1 dise\u00f1ada para sellar y curar superficies de concreto fresco, la cual forma una pel\u00edcula protectora que ayuda a la adecuada hidrataci\u00f3n del cemento.<\/p>\n","protected":false},"featured_media":9348,"comment_status":"open","ping_status":"closed","template":"","meta":{"_joinchat":[]},"product_cat":[20],"product_tag":[],"class_list":{"0":"post-9347","1":"product","2":"type-product","3":"status-publish","4":"has-post-thumbnail","6":"product_cat-accessories","8":"first","9":"instock","10":"shipping-taxable","11":"product-type-simple"},"_links":{"self":[{"href":"https:\/\/resinaepoxica.mx\/index.php\/wp-json\/wp\/v2\/product\/9347","targetHints":{"allow":["GET"]}}],"collection":[{"href":"https:\/\/resinaepoxica.mx\/index.php\/wp-json\/wp\/v2\/product"}],"about":[{"href":"https:\/\/resinaepoxica.mx\/index.php\/wp-json\/wp\/v2\/types\/product"}],"replies":[{"embeddable":true,"href":"https:\/\/resinaepoxica.mx\/index.php\/wp-json\/wp\/v2\/comments?post=9347"}],"version-history":[{"count":1,"href":"https:\/\/resinaepoxica.mx\/index.php\/wp-json\/wp\/v2\/product\/9347\/revisions"}],"predecessor-version":[{"id":9349,"href":"https:\/\/resinaepoxica.mx\/index.php\/wp-json\/wp\/v2\/product\/9347\/revisions\/9349"}],"wp:featuredmedia":[{"embeddable":true,"href":"https:\/\/resinaepoxica.mx\/index.php\/wp-json\/wp\/v2\/media\/9348"}],"wp:attachment":[{"href":"https:\/\/resinaepoxica.mx\/index.php\/wp-json\/wp\/v2\/media?parent=9347"}],"wp:term":[{"taxonomy":"product_cat","embeddable":true,"href":"https:\/\/resinaepoxica.mx\/index.php\/wp-json\/wp\/v2\/product_cat?post=9347"},{"taxonomy":"product_tag","embeddable":true,"href":"https:\/\/resinaepoxica.mx\/index.php\/wp-json\/wp\/v2\/product_tag?post=9347"}],"curies":[{"name":"wp","href":"https:\/\/api.w.org\/{rel}","templated":true}]}}