{"id":9353,"date":"2022-07-15T18:17:59","date_gmt":"2022-07-15T18:17:59","guid":{"rendered":"https:\/\/resinaepoxica.mx\/?post_type=product&#038;p=9353"},"modified":"2022-07-15T18:19:02","modified_gmt":"2022-07-15T18:19:02","slug":"sltk-film-e","status":"publish","type":"product","link":"https:\/\/resinaepoxica.mx\/index.php\/producto\/sltk-film-e\/","title":{"rendered":"SLTK film E"},"content":{"rendered":"<h3>Usos<\/h3>\n<p>SLTK film E est\u00e1 cuidadosamente dise\u00f1ado para utilizarse:<\/p>\n<ul>\n<li>Ideal para ser utilizado en el acabado de endurecedores de regado en seco.<\/li>\n<li>Pisos industriales, pavimentos, plataformas de puentes y muelles de carga.<\/li>\n<li>\u00c1reas y concretos en centros comerciales, viviendas y edificios.<\/li>\n<li>Concreto lanzado ( shocrete )<\/li>\n<li>Canales, t\u00faneles e industria minera<\/li>\n<li>Acabados de concreto est\u00e9ticos<\/li>\n<\/ul>\n<h3>Ventajas<\/h3>\n<ul>\n<li>Ayuda a mejorar los acabados en superficies de concreto.<\/li>\n<li>Aumenta los tiempos necesarios para permitir los acabados.<\/li>\n<li>Previene la formaci\u00f3n de fisuras por contracci\u00f3n pl\u00e1stica.<\/li>\n<li>Mantiene la humedad en superficies de concreto fresco.<\/li>\n<li>Excelente auxiliar de acabados durante el proceso de acabados con llanas.<\/li>\n<li>Puede ser utilizado en interiores y exteriores.<\/li>\n<li>No es una membrana de curado, por lo que es compatible con los diversos procesos de curado.<\/li>\n<li>Para aplicar pisos anti-derrapantes.<\/li>\n<li>Puede ser utilizado en temperaturas entre +6 \u00b0C y +35 \u00b0C.<\/li>\n<li>Evita la necesidad de utilizar el regado de agua sobre las superficies para dar acabados, promoviendo la calidad de las superficies de concreto.<\/li>\n<li>F\u00e1cil uso.<\/li>\n<\/ul>\n","protected":false},"excerpt":{"rendered":"<p>La formulaci\u00f3n de SLTK film E est\u00e1 dise\u00f1ada para promover el retardo superficial del agua en \u00e1reas de concreto fresco, formando una pel\u00edcula protectora que previene la perdida r\u00e1pida y repentina de la humedad superficial de concretos cuando se trabaja a sol directo, altas temperaturas, bajas humedades relativas o vientos rasantes.<\/p>\n","protected":false},"featured_media":9354,"comment_status":"open","ping_status":"closed","template":"","meta":{"_joinchat":[]},"product_cat":[20],"product_tag":[],"class_list":{"0":"post-9353","1":"product","2":"type-product","3":"status-publish","4":"has-post-thumbnail","6":"product_cat-accessories","8":"first","9":"instock","10":"shipping-taxable","11":"product-type-simple"},"_links":{"self":[{"href":"https:\/\/resinaepoxica.mx\/index.php\/wp-json\/wp\/v2\/product\/9353","targetHints":{"allow":["GET"]}}],"collection":[{"href":"https:\/\/resinaepoxica.mx\/index.php\/wp-json\/wp\/v2\/product"}],"about":[{"href":"https:\/\/resinaepoxica.mx\/index.php\/wp-json\/wp\/v2\/types\/product"}],"replies":[{"embeddable":true,"href":"https:\/\/resinaepoxica.mx\/index.php\/wp-json\/wp\/v2\/comments?post=9353"}],"version-history":[{"count":1,"href":"https:\/\/resinaepoxica.mx\/index.php\/wp-json\/wp\/v2\/product\/9353\/revisions"}],"predecessor-version":[{"id":9355,"href":"https:\/\/resinaepoxica.mx\/index.php\/wp-json\/wp\/v2\/product\/9353\/revisions\/9355"}],"wp:featuredmedia":[{"embeddable":true,"href":"https:\/\/resinaepoxica.mx\/index.php\/wp-json\/wp\/v2\/media\/9354"}],"wp:attachment":[{"href":"https:\/\/resinaepoxica.mx\/index.php\/wp-json\/wp\/v2\/media?parent=9353"}],"wp:term":[{"taxonomy":"product_cat","embeddable":true,"href":"https:\/\/resinaepoxica.mx\/index.php\/wp-json\/wp\/v2\/product_cat?post=9353"},{"taxonomy":"product_tag","embeddable":true,"href":"https:\/\/resinaepoxica.mx\/index.php\/wp-json\/wp\/v2\/product_tag?post=9353"}],"curies":[{"name":"wp","href":"https:\/\/api.w.org\/{rel}","templated":true}]}}