{"id":9359,"date":"2022-07-15T18:19:58","date_gmt":"2022-07-15T18:19:58","guid":{"rendered":"https:\/\/resinaepoxica.mx\/?post_type=product&#038;p=9359"},"modified":"2022-07-15T18:21:07","modified_gmt":"2022-07-15T18:21:07","slug":"sltk-jf-350-poliurea","status":"publish","type":"product","link":"https:\/\/resinaepoxica.mx\/index.php\/producto\/sltk-jf-350-poliurea\/","title":{"rendered":"SLTK JF 350 Poliurea"},"content":{"rendered":"<h3>Usos<\/h3>\n<p>El SLTK Poliurea 350 recomendado en aplicaciones de:<\/p>\n<ul>\n<li>Recomendada para rellenar juntas de construcci\u00f3n y control en pisos industriales, losas de concreto cortadas con discos y en la reparaci\u00f3n de grietas y fisuras sin movimiento.<\/li>\n<li>Ideal para usarse en: Pisos industriales y losas de concreto sometidas a tr\u00e1fico pesado.<\/li>\n<li>Pisos sometidos a procesos y ataque qu\u00edmico.<\/li>\n<li>Pisos de c\u00e1maras de refrigeraci\u00f3n y zonas fr\u00edas.<\/li>\n<li>El sellado de juntas de construcci\u00f3n y de control en interiores.<\/li>\n<\/ul>\n<h3>Ventajas<\/h3>\n<ul>\n<li>Ofrece alta protecci\u00f3n a los bordes de la junta, evitando el despostillamiento en juntas de control y construcci\u00f3n sometidas a tr\u00e1fico intenso y pesado..<\/li>\n<li>El relleno de 100% poliurea, mantiene la flexibilidad permanente y segura.<\/li>\n<li>Ofrece r\u00e1pido curado, reduciendo los tiempos de apertura de las \u00e1reas aplicadas.<\/li>\n<li>Ofrece gran adhesividad en los sustratos recomendados.<\/li>\n<li>Relleno 100% s\u00f3lido, no contiene plomo, ni diluyentes y con bajos contenidos VO\u00b4s.<\/li>\n<li>Menor sensibilidad a la humedad y aplicaci\u00f3n en fr\u00edo.<\/li>\n<li>Ofrece alta adherencia a los lados de la junta.<\/li>\n<li>Alta resistencia a la abrasi\u00f3n, vibraci\u00f3n, punzonamientos y golpes.<\/li>\n<li>Ofrece alta durabilidad, resiste tr\u00e1fico pesado y llantas de montacargas.<\/li>\n<li>Ofrece buena resistencia qu\u00edmica.<\/li>\n<li>Permite la correcta transmisi\u00f3n de carga y esfuerzos en losas y pisos de concreto.<\/li>\n<li>Aplicable en la reparaci\u00f3n de grietas y fisuras.<\/li>\n<li>Cura a temperaturas menores de -25\u00b0C.<\/li>\n<\/ul>\n","protected":false},"excerpt":{"rendered":"<p>Relleno de juntas a base de poliurea 100% pura, de elevada flexibilidad de dos componentes A y B, autonivelante y 100% s\u00f3lidos para el relleno de juntas de control y construcci\u00f3n en pisos industriales y de concreto donde se presente tr\u00e1fico intenso y pesado, ofrece alta resistencia a la abrasi\u00f3n y al punzonamiento. Cumple con las recomendaciones del ACI-302-1R secci\u00f3n 4.10.<\/p>\n","protected":false},"featured_media":9361,"comment_status":"open","ping_status":"closed","template":"","meta":{"_joinchat":[]},"product_cat":[20],"product_tag":[],"class_list":{"0":"post-9359","1":"product","2":"type-product","3":"status-publish","4":"has-post-thumbnail","6":"product_cat-accessories","8":"first","9":"instock","10":"shipping-taxable","11":"product-type-simple"},"_links":{"self":[{"href":"https:\/\/resinaepoxica.mx\/index.php\/wp-json\/wp\/v2\/product\/9359","targetHints":{"allow":["GET"]}}],"collection":[{"href":"https:\/\/resinaepoxica.mx\/index.php\/wp-json\/wp\/v2\/product"}],"about":[{"href":"https:\/\/resinaepoxica.mx\/index.php\/wp-json\/wp\/v2\/types\/product"}],"replies":[{"embeddable":true,"href":"https:\/\/resinaepoxica.mx\/index.php\/wp-json\/wp\/v2\/comments?post=9359"}],"version-history":[{"count":1,"href":"https:\/\/resinaepoxica.mx\/index.php\/wp-json\/wp\/v2\/product\/9359\/revisions"}],"predecessor-version":[{"id":9362,"href":"https:\/\/resinaepoxica.mx\/index.php\/wp-json\/wp\/v2\/product\/9359\/revisions\/9362"}],"wp:featuredmedia":[{"embeddable":true,"href":"https:\/\/resinaepoxica.mx\/index.php\/wp-json\/wp\/v2\/media\/9361"}],"wp:attachment":[{"href":"https:\/\/resinaepoxica.mx\/index.php\/wp-json\/wp\/v2\/media?parent=9359"}],"wp:term":[{"taxonomy":"product_cat","embeddable":true,"href":"https:\/\/resinaepoxica.mx\/index.php\/wp-json\/wp\/v2\/product_cat?post=9359"},{"taxonomy":"product_tag","embeddable":true,"href":"https:\/\/resinaepoxica.mx\/index.php\/wp-json\/wp\/v2\/product_tag?post=9359"}],"curies":[{"name":"wp","href":"https:\/\/api.w.org\/{rel}","templated":true}]}}