{"id":9366,"date":"2022-07-18T18:13:16","date_gmt":"2022-07-18T18:13:16","guid":{"rendered":"https:\/\/resinaepoxica.mx\/?post_type=product&#038;p=9366"},"modified":"2022-07-18T18:16:30","modified_gmt":"2022-07-18T18:16:30","slug":"sltk-floor-ae-p","status":"publish","type":"product","link":"https:\/\/resinaepoxica.mx\/index.php\/producto\/sltk-floor-ae-p\/","title":{"rendered":"SLTK floor AE-P"},"content":{"rendered":"<h3>Usos<\/h3>\n<p>El SLTK floor AE\u2022P recomendado en aplicaciones de:<\/p>\n<ul>\n<li>Pisos de naves industriales.<\/li>\n<li>Recubrimiento protector en hospitales, restaurantes, cocinas, edificios y viviendas.<\/li>\n<li>Plantas procesadoras y qu\u00edmicas.<\/li>\n<li>En la industria automotriz y alimenticia.<\/li>\n<li>Laboratorios.<\/li>\n<li>\u00c1reas de procesos.<\/li>\n<li>Talleres y bodegas.<\/li>\n<\/ul>\n<h3>Ventajas<\/h3>\n<ul>\n<li>F\u00e1cil aplicaci\u00f3n.<\/li>\n<li>No requiere aplicaci\u00f3n de primario para su instalaci\u00f3n.<\/li>\n<li>Para uso en interiores.<\/li>\n<li>Ofrece gran adhesividad en los sustratos recomendados.<\/li>\n<li>Alta resistencia a la abrasi\u00f3n.<\/li>\n<li>Desarrolla gran resistencia mec\u00e1nica.<\/li>\n<li>Recubre y protege superficies de concreto, mortero, mamposter\u00eda, metal y acero.<\/li>\n<li>Para aplicar pisos anti-derrapantes.<\/li>\n<li>Puede ser utilizado en temperaturas entre +6 \u00b0C y +35 \u00b0C.<\/li>\n<li>Apertura al tr\u00e1fico peatonal a 24 horas aproximadamente y dependiendo de la temperatura de aplicaci\u00f3n.<\/li>\n<li>Apertura al tr\u00e1fico vehicular motorizado y llantas neum\u00e1ticas a 48 horas aproximadamente y dependiendo de la temperatura de aplicaci\u00f3n.<\/li>\n<li>Producto libre de solventes.<\/li>\n<\/ul>\n","protected":false},"excerpt":{"rendered":"<p>SLTK floor AE\u2022P es un recubrimiento ep\u00f3xico de dos componentes para recubrir y proteger pisos y superficies de concreto, superficies met\u00e1licas y de acero, ofreciendo resistencia a ataques qu\u00edmicos y excelentes resistencias mec\u00e1nicas y qu\u00edmicas.<\/p>\n","protected":false},"featured_media":9367,"comment_status":"open","ping_status":"closed","template":"","meta":{"_joinchat":[]},"product_cat":[20],"product_tag":[],"class_list":{"0":"post-9366","1":"product","2":"type-product","3":"status-publish","4":"has-post-thumbnail","6":"product_cat-accessories","8":"first","9":"instock","10":"shipping-taxable","11":"product-type-simple"},"_links":{"self":[{"href":"https:\/\/resinaepoxica.mx\/index.php\/wp-json\/wp\/v2\/product\/9366","targetHints":{"allow":["GET"]}}],"collection":[{"href":"https:\/\/resinaepoxica.mx\/index.php\/wp-json\/wp\/v2\/product"}],"about":[{"href":"https:\/\/resinaepoxica.mx\/index.php\/wp-json\/wp\/v2\/types\/product"}],"replies":[{"embeddable":true,"href":"https:\/\/resinaepoxica.mx\/index.php\/wp-json\/wp\/v2\/comments?post=9366"}],"version-history":[{"count":1,"href":"https:\/\/resinaepoxica.mx\/index.php\/wp-json\/wp\/v2\/product\/9366\/revisions"}],"predecessor-version":[{"id":9368,"href":"https:\/\/resinaepoxica.mx\/index.php\/wp-json\/wp\/v2\/product\/9366\/revisions\/9368"}],"wp:featuredmedia":[{"embeddable":true,"href":"https:\/\/resinaepoxica.mx\/index.php\/wp-json\/wp\/v2\/media\/9367"}],"wp:attachment":[{"href":"https:\/\/resinaepoxica.mx\/index.php\/wp-json\/wp\/v2\/media?parent=9366"}],"wp:term":[{"taxonomy":"product_cat","embeddable":true,"href":"https:\/\/resinaepoxica.mx\/index.php\/wp-json\/wp\/v2\/product_cat?post=9366"},{"taxonomy":"product_tag","embeddable":true,"href":"https:\/\/resinaepoxica.mx\/index.php\/wp-json\/wp\/v2\/product_tag?post=9366"}],"curies":[{"name":"wp","href":"https:\/\/api.w.org\/{rel}","templated":true}]}}