{"id":9375,"date":"2022-07-18T18:23:26","date_gmt":"2022-07-18T18:23:26","guid":{"rendered":"https:\/\/resinaepoxica.mx\/?post_type=product&#038;p=9375"},"modified":"2022-07-18T18:26:05","modified_gmt":"2022-07-18T18:26:05","slug":"epoxybond","status":"publish","type":"product","link":"https:\/\/resinaepoxica.mx\/index.php\/producto\/epoxybond\/","title":{"rendered":"Epoxybond"},"content":{"rendered":"<h3>Usos<\/h3>\n<p>Epoxybond es un producto de alta tecnolog\u00eda y recomendado para usos m\u00faltiples como:<\/p>\n<ul>\n<li>Agente adherente para la pega o uni\u00f3n estructural de concreto nuevo a viejo o endurecido.<\/li>\n<li>Adhesi\u00f3n en general de materiales diversos de la industrial de la construcci\u00f3n.<\/li>\n<li>Adhesivo ep\u00f3xico en la uni\u00f3n entre materiales de construcci\u00f3n tales como: concreto, mortero, fibrocemento, acero, piedras y madera.<\/li>\n<li>Recomendado para el anclaje de pernos, varillas, barras de acero, aluminio en concreto y roca.<\/li>\n<li>Recomendado como mortero ep\u00f3xico de reparaci\u00f3n de bajo y alto espesor, con adici\u00f3n de arenas s\u00edlicas secas y seleccionadas.<\/li>\n<li>Relleno de grietas y fisuras estructurales aplicadas a gravedad en concreto, mortero y mamposter\u00eda.<\/li>\n<\/ul>\n<h3>Ventajas<\/h3>\n<ul>\n<li>T\u00e9cnicamente es muy f\u00e1cil de aplicar.<\/li>\n<li>Insensible a la humedad, especialmente recomendado para promover la adherencia de concretos y morteros.<\/li>\n<li>Ideal para la pega de losas nuevas de concreto a superficies endurecidas.<\/li>\n<li>Puede ser utilizado como mortero ep\u00f3xico de reparaci\u00f3n en espesores gruesos o delgados, con la adici\u00f3n de arenas s\u00edlicas secas y seleccionadas.<\/li>\n<li>Puede ser utilizado en aplicaciones diversas a temperaturas entre +6 \u00b0C y +35 \u00b0C.<\/li>\n<li>Producto libre de solventes.<\/li>\n<li>El producto no es afectado ni modificado por la humedad en su aplicaci\u00f3n.<\/li>\n<li>Ofrece altas resistencias en las diversas aplicaciones recomendadas.<\/li>\n<li>Ofrece gran adhesividad promoviendo la continuidad estructural.<\/li>\n<li>Las aplicaciones del producto pueden ser en interiores y exteriores.<\/li>\n<li>12 meses de almacenamiento en su envase original y almacenado en un lugar fresco, seco y bajo techo.<\/li>\n<\/ul>\n","protected":false},"excerpt":{"rendered":"<p>Adherente ep\u00f3xico multifuncional 100% s\u00f3lidos de dos componentes e insensible a la humedad, especialmente dise\u00f1ado para la pega o uni\u00f3n de concreto nuevo a viejo o endurecido y aplicaciones m\u00faltiples, cumple ampliamente la norma ASTM C 881.<\/p>\n","protected":false},"featured_media":9376,"comment_status":"open","ping_status":"closed","template":"","meta":{"_joinchat":[]},"product_cat":[20],"product_tag":[],"class_list":{"0":"post-9375","1":"product","2":"type-product","3":"status-publish","4":"has-post-thumbnail","6":"product_cat-accessories","8":"first","9":"instock","10":"shipping-taxable","11":"product-type-simple"},"_links":{"self":[{"href":"https:\/\/resinaepoxica.mx\/index.php\/wp-json\/wp\/v2\/product\/9375","targetHints":{"allow":["GET"]}}],"collection":[{"href":"https:\/\/resinaepoxica.mx\/index.php\/wp-json\/wp\/v2\/product"}],"about":[{"href":"https:\/\/resinaepoxica.mx\/index.php\/wp-json\/wp\/v2\/types\/product"}],"replies":[{"embeddable":true,"href":"https:\/\/resinaepoxica.mx\/index.php\/wp-json\/wp\/v2\/comments?post=9375"}],"version-history":[{"count":1,"href":"https:\/\/resinaepoxica.mx\/index.php\/wp-json\/wp\/v2\/product\/9375\/revisions"}],"predecessor-version":[{"id":9377,"href":"https:\/\/resinaepoxica.mx\/index.php\/wp-json\/wp\/v2\/product\/9375\/revisions\/9377"}],"wp:featuredmedia":[{"embeddable":true,"href":"https:\/\/resinaepoxica.mx\/index.php\/wp-json\/wp\/v2\/media\/9376"}],"wp:attachment":[{"href":"https:\/\/resinaepoxica.mx\/index.php\/wp-json\/wp\/v2\/media?parent=9375"}],"wp:term":[{"taxonomy":"product_cat","embeddable":true,"href":"https:\/\/resinaepoxica.mx\/index.php\/wp-json\/wp\/v2\/product_cat?post=9375"},{"taxonomy":"product_tag","embeddable":true,"href":"https:\/\/resinaepoxica.mx\/index.php\/wp-json\/wp\/v2\/product_tag?post=9375"}],"curies":[{"name":"wp","href":"https:\/\/api.w.org\/{rel}","templated":true}]}}