{"id":9387,"date":"2022-07-18T18:35:22","date_gmt":"2022-07-18T18:35:22","guid":{"rendered":"https:\/\/resinaepoxica.mx\/?post_type=product&#038;p=9387"},"modified":"2022-07-18T18:39:24","modified_gmt":"2022-07-18T18:39:24","slug":"sltk-poxy-je-sr","status":"publish","type":"product","link":"https:\/\/resinaepoxica.mx\/index.php\/producto\/sltk-poxy-je-sr\/","title":{"rendered":"SLTK Grout GE-N"},"content":{"rendered":"<h3>Usos<\/h3>\n<p>Se recomienda para aplicaciones en la industria en general y areas de procesos en:<\/p>\n<ul>\n<li>Nivelaci\u00f3n y anclaje de equipos, maquinarias, motores, compresores, bombas, molinos y estructuras.<\/li>\n<li>Grouting de altas resistencias iniciales.<\/li>\n<li>Anclajes de bases met\u00e1licas, pernos, ganchos, tornillos, rieles para recibir equipos de estructuras y equipos pesados.<\/li>\n<li>Instalaciones de alto desempe\u00f1o para la colocaci\u00f3n de maquinaria y equipos pesados.<\/li>\n<li>Para colocar en servicio o funcionamiento equipos, maquinarias y anclajes en un menor tiempo.<\/li>\n<\/ul>\n<h3>Ventajas<\/h3>\n<ul>\n<li>Alto desempe\u00f1o reflejado en alta resistencia mec\u00e1nica, compresi\u00f3n, flexi\u00f3n, tensi\u00f3n, vibraci\u00f3n y abrasi\u00f3n.<\/li>\n<li>Alta resistencia qu\u00edmica.<\/li>\n<li>Alta adherencia al concreto y elementos de anclaje como pernos y varillas.<\/li>\n<li>Propiedades de alta fluidez.<\/li>\n<li>Altas resistencias a temprana edad.<\/li>\n<li>Aplicaci\u00f3n en interiores y exteriores.<\/li>\n<li>No requiere \u201cprimer\u201d para su aplicaci\u00f3n.<\/li>\n<li>No requiere curado especial.<\/li>\n<li>Mortero sin contracci\u00f3n.<\/li>\n<\/ul>\n","protected":false},"excerpt":{"rendered":"<p>SLTK grout GE\u2022N es un mortero ep\u00f3xico de tres componentes, autonivelante 100% s\u00f3lidos para la nivelaci\u00f3n y anclaje de maquinaria, equipos, pernos, varillas, estructuras y elementos de construcci\u00f3n, donde se requiera alta resistencia a la compresi\u00f3n, qu\u00edmica, tensi\u00f3n y vibraci\u00f3n.<\/p>\n","protected":false},"featured_media":9394,"comment_status":"open","ping_status":"closed","template":"","meta":{"_joinchat":[]},"product_cat":[20],"product_tag":[],"class_list":{"0":"post-9387","1":"product","2":"type-product","3":"status-publish","4":"has-post-thumbnail","6":"product_cat-accessories","8":"first","9":"instock","10":"shipping-taxable","11":"product-type-simple"},"_links":{"self":[{"href":"https:\/\/resinaepoxica.mx\/index.php\/wp-json\/wp\/v2\/product\/9387","targetHints":{"allow":["GET"]}}],"collection":[{"href":"https:\/\/resinaepoxica.mx\/index.php\/wp-json\/wp\/v2\/product"}],"about":[{"href":"https:\/\/resinaepoxica.mx\/index.php\/wp-json\/wp\/v2\/types\/product"}],"replies":[{"embeddable":true,"href":"https:\/\/resinaepoxica.mx\/index.php\/wp-json\/wp\/v2\/comments?post=9387"}],"version-history":[{"count":3,"href":"https:\/\/resinaepoxica.mx\/index.php\/wp-json\/wp\/v2\/product\/9387\/revisions"}],"predecessor-version":[{"id":9396,"href":"https:\/\/resinaepoxica.mx\/index.php\/wp-json\/wp\/v2\/product\/9387\/revisions\/9396"}],"wp:featuredmedia":[{"embeddable":true,"href":"https:\/\/resinaepoxica.mx\/index.php\/wp-json\/wp\/v2\/media\/9394"}],"wp:attachment":[{"href":"https:\/\/resinaepoxica.mx\/index.php\/wp-json\/wp\/v2\/media?parent=9387"}],"wp:term":[{"taxonomy":"product_cat","embeddable":true,"href":"https:\/\/resinaepoxica.mx\/index.php\/wp-json\/wp\/v2\/product_cat?post=9387"},{"taxonomy":"product_tag","embeddable":true,"href":"https:\/\/resinaepoxica.mx\/index.php\/wp-json\/wp\/v2\/product_tag?post=9387"}],"curies":[{"name":"wp","href":"https:\/\/api.w.org\/{rel}","templated":true}]}}