{"id":9406,"date":"2022-07-18T19:42:17","date_gmt":"2022-07-18T19:42:17","guid":{"rendered":"https:\/\/resinaepoxica.mx\/?post_type=product&#038;p=9406"},"modified":"2022-07-18T19:43:52","modified_gmt":"2022-07-18T19:43:52","slug":"sltk-top-rc-s","status":"publish","type":"product","link":"https:\/\/resinaepoxica.mx\/index.php\/producto\/sltk-top-rc-s\/","title":{"rendered":"SLTK top RC-S"},"content":{"rendered":"<h3>Usos<\/h3>\n<ul>\n<li>SLTK top RC\u2022S es recomendado para restauraciones superficiales sobre superficies de concreto en \u00e1reas industriales, en pisos de f\u00e1bricas, tiendas departamentales, tiendas de conveniencia, almacenes, pisos de concreto, industria pesada, superficies horizontales, estacionamientos, banquetas, zonas peatonales, centros comerciales, rampas, banquetas, pavimentos de concreto, muelles de carga, plantas de tratamiento, etc.<\/li>\n<li>Se puede aplicar como capa de acabado y de gran desempe\u00f1o en interiores y exteriores.<\/li>\n<\/ul>\n<h3>Ventajas<\/h3>\n<ul>\n<li>Excelente resistencia a la compresi\u00f3n y flexi\u00f3n para reparaci\u00f3n superficial y capa de acabado sobre superficies de concreto deteriorado.<\/li>\n<li>Fraguado ultra acelerado, para una r\u00e1pida apertura al tr\u00e1fico peatonal en solo 60 minutos y vehicular de ruedas de caucho en 24 horas.<\/li>\n<li>Restauraciones de alto desempe\u00f1o con espesores entre 1 mm y 7.5 cm.<\/li>\n<li>Permite restauraciones de alta resistencia al desgaste a\u00fan en espesores delgados.<\/li>\n<li>Alta fluidez y trabajabilidad, para reparar superficies de concreto en mal estado, da\u00f1adas, desgastadas y degradadas proporcionando una apariencia de concreto nuevo y con gran resistencia mec\u00e1nica.<\/li>\n<li>Excelente adherencia al concreto.<\/li>\n<li>Grandes beneficios para su colocaci\u00f3n y moldeabilidad.<\/li>\n<li>Permite abrir \u00e1reas peatonales en menor tiempo.<\/li>\n<li>Se pueden realizar acabados deseados sobre la restauraci\u00f3n superficial.<\/li>\n<li>Restauraciones de concreto de alta durabilidad.<\/li>\n<li>Amplio rango de temperatura para su aplicaci\u00f3n, de +7 \u00b0C a +38 \u00b0C.<\/li>\n<li>Una vez seco y curado, puede ser pintado, colocarse revestimientos, recubrimientos ep\u00f3xicos, losetas cer\u00e1micas, azulejos, etc.<\/li>\n<li>Puede ser aplicado sobre cer\u00e1micas, piedras canteras, morteros, superficies tipo terrazos.<\/li>\n<\/ul>\n","protected":false},"excerpt":{"rendered":"<p>Es un mortero base cemento de fraguado ultra r\u00e1pido para la reparaci\u00f3n superficial en pisos de concreto en interiores y exteriores para superficies en generales de concreto de tr\u00e1fico intenso.<\/p>\n","protected":false},"featured_media":9407,"comment_status":"open","ping_status":"closed","template":"","meta":{"_joinchat":[]},"product_cat":[20],"product_tag":[],"class_list":{"0":"post-9406","1":"product","2":"type-product","3":"status-publish","4":"has-post-thumbnail","6":"product_cat-accessories","8":"first","9":"instock","10":"shipping-taxable","11":"product-type-simple"},"_links":{"self":[{"href":"https:\/\/resinaepoxica.mx\/index.php\/wp-json\/wp\/v2\/product\/9406","targetHints":{"allow":["GET"]}}],"collection":[{"href":"https:\/\/resinaepoxica.mx\/index.php\/wp-json\/wp\/v2\/product"}],"about":[{"href":"https:\/\/resinaepoxica.mx\/index.php\/wp-json\/wp\/v2\/types\/product"}],"replies":[{"embeddable":true,"href":"https:\/\/resinaepoxica.mx\/index.php\/wp-json\/wp\/v2\/comments?post=9406"}],"version-history":[{"count":1,"href":"https:\/\/resinaepoxica.mx\/index.php\/wp-json\/wp\/v2\/product\/9406\/revisions"}],"predecessor-version":[{"id":9408,"href":"https:\/\/resinaepoxica.mx\/index.php\/wp-json\/wp\/v2\/product\/9406\/revisions\/9408"}],"wp:featuredmedia":[{"embeddable":true,"href":"https:\/\/resinaepoxica.mx\/index.php\/wp-json\/wp\/v2\/media\/9407"}],"wp:attachment":[{"href":"https:\/\/resinaepoxica.mx\/index.php\/wp-json\/wp\/v2\/media?parent=9406"}],"wp:term":[{"taxonomy":"product_cat","embeddable":true,"href":"https:\/\/resinaepoxica.mx\/index.php\/wp-json\/wp\/v2\/product_cat?post=9406"},{"taxonomy":"product_tag","embeddable":true,"href":"https:\/\/resinaepoxica.mx\/index.php\/wp-json\/wp\/v2\/product_tag?post=9406"}],"curies":[{"name":"wp","href":"https:\/\/api.w.org\/{rel}","templated":true}]}}