{"id":9412,"date":"2022-07-18T19:46:04","date_gmt":"2022-07-18T19:46:04","guid":{"rendered":"https:\/\/resinaepoxica.mx\/?post_type=product&#038;p=9412"},"modified":"2022-07-18T19:47:02","modified_gmt":"2022-07-18T19:47:02","slug":"sltk-top-rc-tx","status":"publish","type":"product","link":"https:\/\/resinaepoxica.mx\/index.php\/producto\/sltk-top-rc-tx\/","title":{"rendered":"SLTK top RC-TX"},"content":{"rendered":"<h3>Usos<\/h3>\n<p>SLTK top RC\u2022TX debido a su excelente desempe\u00f1o, es recomendado en reparaciones estructurales diversas verticales, inclinadas y sobre cabeza en:<\/p>\n<ul>\n<li>T\u00faneles, losas, placas, muros, muros de contenci\u00f3n, postes, grader\u00edas, albercas, muelles, alcantarillas, presas, estructuras mar\u00edtimas, canales, columnas, puentes, vigas, estacionamientos en interiores y exteriores.<\/li>\n<li>Reparaciones verticales y sobre cabeza de concreto postensado, pretensado, prefabricados y colado en sitio.<\/li>\n<li>Baja permeabilidad a los cloruros y resistente a sulfatos.<\/li>\n<li>Para reparaci\u00f3n de oquedades y desprendimientos en el deterioro de concreto y morteros.<\/li>\n<li>Aplicaciones de reparaciones de concreto y mamposter\u00eda en industrias.<\/li>\n<li>Para rellenos de oquedades, imperfecciones y aplicaciones sobre cabeza.<\/li>\n<\/ul>\n<h3>Ventajas<\/h3>\n<ul>\n<li>Excelente resistencia a la compresi\u00f3n y a la flexi\u00f3n para reparaciones estructurales seguras, eficientes y excelentes acabados de superficies de concreto y mortero.<\/li>\n<li>Para reparaciones con espesores de 3 mm a 40 mm por capa.<\/li>\n<li>Excelente adherencia al concreto y aceros de refuerzos.<\/li>\n<li>Puede ser aplicado en interiores y exteriores.<\/li>\n<li>Ofrece extremada tixotrop\u00eda, excelente trabajabilidad y acabados deseados en aplicaciones verticales y sobre cabeza.<\/li>\n<li>Baja permeabilidad a cloruros y protecci\u00f3n contra la carbonataci\u00f3n.<\/li>\n<li>Reparaciones de concreto de alta durabilidad.<\/li>\n<li>Amplio rango de temperatura para su aplicaci\u00f3n, de +7 \u00b0C a +38 \u00b0C.<\/li>\n<li>El producto una vez seco y curado, puede ser pintado, colocarse revestimientos, recubrimientos ep\u00f3xicos, losetas cer\u00e1micas, azulejos, etc.<\/li>\n<li>Compatible con el coeficiente de expansi\u00f3n t\u00e9rmica del concreto y mortero reparado.<\/li>\n<li>No requiere cimbra para su aplicaci\u00f3n.<\/li>\n<\/ul>\n","protected":false},"excerpt":{"rendered":"<p>Es un mortero base cemento de alta tixotrop\u00eda de fraguado r\u00e1pido con pol\u00edmeros, micros\u00edlica e inhibidor de corrosi\u00f3n, reforzado con fibras, de baja contracci\u00f3n de alto desempe\u00f1o para la reparaciones diversas verticales y sobre cabeza en superficies de concreto y mortero tales como muros, paredes, losas, placas, postes, grader\u00edas, columnas, vigas, en interiores y exteriores.<\/p>\n","protected":false},"featured_media":9413,"comment_status":"open","ping_status":"closed","template":"","meta":{"_joinchat":[]},"product_cat":[20],"product_tag":[],"class_list":{"0":"post-9412","1":"product","2":"type-product","3":"status-publish","4":"has-post-thumbnail","6":"product_cat-accessories","8":"first","9":"instock","10":"shipping-taxable","11":"product-type-simple"},"_links":{"self":[{"href":"https:\/\/resinaepoxica.mx\/index.php\/wp-json\/wp\/v2\/product\/9412","targetHints":{"allow":["GET"]}}],"collection":[{"href":"https:\/\/resinaepoxica.mx\/index.php\/wp-json\/wp\/v2\/product"}],"about":[{"href":"https:\/\/resinaepoxica.mx\/index.php\/wp-json\/wp\/v2\/types\/product"}],"replies":[{"embeddable":true,"href":"https:\/\/resinaepoxica.mx\/index.php\/wp-json\/wp\/v2\/comments?post=9412"}],"version-history":[{"count":1,"href":"https:\/\/resinaepoxica.mx\/index.php\/wp-json\/wp\/v2\/product\/9412\/revisions"}],"predecessor-version":[{"id":9414,"href":"https:\/\/resinaepoxica.mx\/index.php\/wp-json\/wp\/v2\/product\/9412\/revisions\/9414"}],"wp:featuredmedia":[{"embeddable":true,"href":"https:\/\/resinaepoxica.mx\/index.php\/wp-json\/wp\/v2\/media\/9413"}],"wp:attachment":[{"href":"https:\/\/resinaepoxica.mx\/index.php\/wp-json\/wp\/v2\/media?parent=9412"}],"wp:term":[{"taxonomy":"product_cat","embeddable":true,"href":"https:\/\/resinaepoxica.mx\/index.php\/wp-json\/wp\/v2\/product_cat?post=9412"},{"taxonomy":"product_tag","embeddable":true,"href":"https:\/\/resinaepoxica.mx\/index.php\/wp-json\/wp\/v2\/product_tag?post=9412"}],"curies":[{"name":"wp","href":"https:\/\/api.w.org\/{rel}","templated":true}]}}