{"id":9424,"date":"2022-07-18T19:51:17","date_gmt":"2022-07-18T19:51:17","guid":{"rendered":"https:\/\/resinaepoxica.mx\/?post_type=product&#038;p=9424"},"modified":"2022-07-18T19:52:10","modified_gmt":"2022-07-18T19:52:10","slug":"sltk-grout-gc-n","status":"publish","type":"product","link":"https:\/\/resinaepoxica.mx\/index.php\/producto\/sltk-grout-gc-n\/","title":{"rendered":"SLTK Grout GC-N"},"content":{"rendered":"<h3>Usos<\/h3>\n<p>SLTK grout GC\u2022N se recomienda para las siguientes aplicaciones:<\/p>\n<ul>\n<li>Nivelaci\u00f3n y anclaje de equipos, maquinarias y estructuras.<\/li>\n<li>Nivelaci\u00f3n y anclaje de motores, compresores y bombas.<\/li>\n<li>Grouting de buenas resistencias iniciales.<\/li>\n<li>Anclajes de bases met\u00e1licas, pernos, ganchos, tornillos, rieles para recibir equipos y estructuras.<\/li>\n<li>Reparaciones estructurales de concreto.<\/li>\n<li>Instalaciones de alto desempe\u00f1o donde se requiera la colocaci\u00f3n de maquinaria y equipos.<\/li>\n<\/ul>\n<h3>Ventajas<\/h3>\n<ul>\n<li>Se suministra en saco y s\u00f3lo se requiere agua limpia para su preparaci\u00f3n.<\/li>\n<li>Ofrece alto desempe\u00f1o reflejado en alta resistencia mec\u00e1nica, compresi\u00f3n, flexi\u00f3n e impacto.<\/li>\n<li>Ofrece propiedades de alta fluidez.<\/li>\n<li>Alta adherencia al concreto y elementos de anclaje (pernos, varillas, etc.).<\/li>\n<li>Es un mortero sin contracci\u00f3n y expansi\u00f3n controlada.<\/li>\n<li>El mortero no requiere primer para su aplicaci\u00f3n.<\/li>\n<li>Puede ser aplicado en interiores y exteriores.<\/li>\n<li>Desarrollo de altas resistencias a temprana edad.<\/li>\n<li>Su uso es adecuado para el sector de industrias y en \u00e1reas procesos.<\/li>\n<li>Alto rendimiento.<\/li>\n<li>Permite ser bombeado por el m\u00e9todo h\u00famedo.<\/li>\n<li>No requiere curado especial.<\/li>\n<\/ul>\n","protected":false},"excerpt":{"rendered":"<p>SLTK grout GC\u2022N es un mortero base cemento de alto desempe\u00f1o y listo para usar, especialmente dise\u00f1ado para la nivelaci\u00f3n y anclaje de maquinaria, equipos, pernos, varillas, estructuras y elementos de construcci\u00f3n, donde se requiera alta resistencia a la compresi\u00f3n y flexi\u00f3n. Cumple con la Norma CRD C 621 y ASTM C 1107 Grado C.<\/p>\n","protected":false},"featured_media":9426,"comment_status":"open","ping_status":"closed","template":"","meta":{"_joinchat":[]},"product_cat":[20],"product_tag":[],"class_list":{"0":"post-9424","1":"product","2":"type-product","3":"status-publish","4":"has-post-thumbnail","6":"product_cat-accessories","8":"first","9":"instock","10":"shipping-taxable","11":"product-type-simple"},"_links":{"self":[{"href":"https:\/\/resinaepoxica.mx\/index.php\/wp-json\/wp\/v2\/product\/9424","targetHints":{"allow":["GET"]}}],"collection":[{"href":"https:\/\/resinaepoxica.mx\/index.php\/wp-json\/wp\/v2\/product"}],"about":[{"href":"https:\/\/resinaepoxica.mx\/index.php\/wp-json\/wp\/v2\/types\/product"}],"replies":[{"embeddable":true,"href":"https:\/\/resinaepoxica.mx\/index.php\/wp-json\/wp\/v2\/comments?post=9424"}],"version-history":[{"count":1,"href":"https:\/\/resinaepoxica.mx\/index.php\/wp-json\/wp\/v2\/product\/9424\/revisions"}],"predecessor-version":[{"id":9427,"href":"https:\/\/resinaepoxica.mx\/index.php\/wp-json\/wp\/v2\/product\/9424\/revisions\/9427"}],"wp:featuredmedia":[{"embeddable":true,"href":"https:\/\/resinaepoxica.mx\/index.php\/wp-json\/wp\/v2\/media\/9426"}],"wp:attachment":[{"href":"https:\/\/resinaepoxica.mx\/index.php\/wp-json\/wp\/v2\/media?parent=9424"}],"wp:term":[{"taxonomy":"product_cat","embeddable":true,"href":"https:\/\/resinaepoxica.mx\/index.php\/wp-json\/wp\/v2\/product_cat?post=9424"},{"taxonomy":"product_tag","embeddable":true,"href":"https:\/\/resinaepoxica.mx\/index.php\/wp-json\/wp\/v2\/product_tag?post=9424"}],"curies":[{"name":"wp","href":"https:\/\/api.w.org\/{rel}","templated":true}]}}