{"id":9431,"date":"2022-07-18T19:53:21","date_gmt":"2022-07-18T19:53:21","guid":{"rendered":"https:\/\/resinaepoxica.mx\/?post_type=product&#038;p=9431"},"modified":"2022-07-18T19:54:47","modified_gmt":"2022-07-18T19:54:47","slug":"crest-constructor-empaste","status":"publish","type":"product","link":"https:\/\/resinaepoxica.mx\/index.php\/producto\/crest-constructor-empaste\/","title":{"rendered":"Crest Constructor Empaste"},"content":{"rendered":"<p><strong>Superficies recomendadas<\/strong><br \/>\nSuperficies de cemento-arena.<br \/>\n<strong>Preparaci\u00f3n de la superficie<\/strong><br \/>\nAntes de preparar la mezcla, es necesario acondicionar la superficie, la cual deber\u00e1 ser resistente, dimensionalmente estable, estar perfectamente nivelada y limpia, libre de aceite, polvo, pintura, cera o cualquier otro tipo de impureza que inhiba la adherencia.<br \/>\n<strong>Preparaci\u00f3n de la mezcla<\/strong><\/p>\n<ul>\n<li>Vac\u00ede en un recipiente de 5.6 a 6.8litros de agua limpia por bulto de 40 kg.<\/li>\n<li>Agregue un bulto de Crest Constructor Empaste (40 kg).<\/li>\n<li>Revuelva continuamente hasta conseguir una mezcla homog\u00e9nea libre de grumos. Es de suma importancia asegurarse de que se integre perfectamente el mortero con el agua.<\/li>\n<li>El mezclado puede ser manual, pero de preferencia se recomienda hacerlo con una mezcladora el\u00e9ctrica.<\/li>\n<li>Deje reposar la mezcla durante 5 minutos, para que los aditivos act\u00faen.<\/li>\n<li>Mezcle de nuevo sin agregar m\u00e1s agua y Crest Constructor Empaste estar\u00e1 listo para usarse. Temperaturas menores a 6\u00baC pueden ocasionar congelamiento del material, inhibiendo su funcionamiento y a temperaturas mayores a 39\u00baC, ocurre una r\u00e1pida evaporaci\u00f3n del agua del material provocando un secado prematuro<\/li>\n<\/ul>\n","protected":false},"excerpt":{"rendered":"<p>CREST Constructor Empaste es un mortero, dise\u00f1ado especialmente para realizar empastes, entortados, etc. Ideal para corregir desniveles en piso y losas as\u00ed como tambi\u00e9n dar pendientes en losas de azotea, \u00e1reas de ba\u00f1o, etc. Listo para usarse, solo hay que agregar agua, cuenta con excelente trabajabilidad, adherencia y excelentes resistencias mec\u00e1nicas para este tipo de aplicaciones.<\/p>\n","protected":false},"featured_media":9432,"comment_status":"open","ping_status":"closed","template":"","meta":{"_joinchat":[]},"product_cat":[20],"product_tag":[],"class_list":{"0":"post-9431","1":"product","2":"type-product","3":"status-publish","4":"has-post-thumbnail","6":"product_cat-accessories","8":"first","9":"instock","10":"shipping-taxable","11":"product-type-simple"},"_links":{"self":[{"href":"https:\/\/resinaepoxica.mx\/index.php\/wp-json\/wp\/v2\/product\/9431","targetHints":{"allow":["GET"]}}],"collection":[{"href":"https:\/\/resinaepoxica.mx\/index.php\/wp-json\/wp\/v2\/product"}],"about":[{"href":"https:\/\/resinaepoxica.mx\/index.php\/wp-json\/wp\/v2\/types\/product"}],"replies":[{"embeddable":true,"href":"https:\/\/resinaepoxica.mx\/index.php\/wp-json\/wp\/v2\/comments?post=9431"}],"version-history":[{"count":1,"href":"https:\/\/resinaepoxica.mx\/index.php\/wp-json\/wp\/v2\/product\/9431\/revisions"}],"predecessor-version":[{"id":9433,"href":"https:\/\/resinaepoxica.mx\/index.php\/wp-json\/wp\/v2\/product\/9431\/revisions\/9433"}],"wp:featuredmedia":[{"embeddable":true,"href":"https:\/\/resinaepoxica.mx\/index.php\/wp-json\/wp\/v2\/media\/9432"}],"wp:attachment":[{"href":"https:\/\/resinaepoxica.mx\/index.php\/wp-json\/wp\/v2\/media?parent=9431"}],"wp:term":[{"taxonomy":"product_cat","embeddable":true,"href":"https:\/\/resinaepoxica.mx\/index.php\/wp-json\/wp\/v2\/product_cat?post=9431"},{"taxonomy":"product_tag","embeddable":true,"href":"https:\/\/resinaepoxica.mx\/index.php\/wp-json\/wp\/v2\/product_tag?post=9431"}],"curies":[{"name":"wp","href":"https:\/\/api.w.org\/{rel}","templated":true}]}}