{"id":9437,"date":"2022-07-18T19:56:00","date_gmt":"2022-07-18T19:56:00","guid":{"rendered":"https:\/\/resinaepoxica.mx\/?post_type=product&#038;p=9437"},"modified":"2026-02-10T14:52:29","modified_gmt":"2026-02-10T14:52:29","slug":"crest-autonivel-capa-delgada","status":"publish","type":"product","link":"https:\/\/resinaepoxica.mx\/index.php\/producto\/crest-autonivel-capa-delgada\/","title":{"rendered":"Crest Autonivel Capa Delgada"},"content":{"rendered":"<p><strong>Superficies recomendadas<\/strong><br \/>\nSuperficies de cemento-arena.<\/p>\n<p><strong>Preparaci\u00f3n de la superficie<\/strong><br \/>\nVerifique que la superficie de concreto sea estructuralmente s\u00f3lida, resistente y estable. Limpie la superficie de concreto de toda suciedad, polvo, aceite, grasa, selladores, agentes de curado, pintura y sustancias extra\u00f1as que inhiban la adherencia. Rellene los hoyos o agujeros profundos con concreto y permita que curen. Prepare las juntas de aislamiento en el per\u00edmetro y respete las juntas de movimiento ya existentes en el sustrato. Un d\u00eda antes de aplicar el autonivelante coloque un primer de ADICREST MP PLUS diluido sobre el sustrato limpio, usando una brocha, un rodillo o un rociador. (El ADICREST MP PLUS debe ser diluido con agua de 1 a 1 para lograr una penetraci\u00f3n adecuada). Permita que el primer seque.<\/p>\n<p><strong>Preparaci\u00f3n de la mezcla<\/strong><\/p>\n<ul>\n<li>1 Vac\u00ede en un recipiente de 9.6 a 10.4 litros de agua limpia.<\/li>\n<li>2 Agregue un bulto de CREST Autonivel (40 kg).<\/li>\n<li>3 Mezcle mec\u00e1nicamente por uno o dos minutos (250 a 500 rpm). Puede usar un taladro el\u00e9ctrico adapt\u00e1ndole una paleta. No a\u00f1ada m\u00e1s agua al polvo. Altos contenidos de agua pueden causar segregaci\u00f3n, reducci\u00f3n de la resistencia y encogimiento al curar el autonivelante.<\/li>\n<\/ul>\n","protected":false},"excerpt":{"rendered":"<p>Mortero autonivelante, dise\u00f1ado para preparar la superficie y recibir cualquier recubrimiento: duela laminada, parquet, madera, loseta vin\u00edlica, cer\u00e1mica, porcel\u00e1nica, piedra natural y otros.<\/p>\n","protected":false},"featured_media":9438,"comment_status":"open","ping_status":"closed","template":"","meta":{"_joinchat":[]},"product_cat":[20],"product_tag":[],"class_list":{"0":"post-9437","1":"product","2":"type-product","3":"status-publish","4":"has-post-thumbnail","6":"product_cat-accessories","8":"first","9":"instock","10":"shipping-taxable","11":"product-type-simple"},"_links":{"self":[{"href":"https:\/\/resinaepoxica.mx\/index.php\/wp-json\/wp\/v2\/product\/9437","targetHints":{"allow":["GET"]}}],"collection":[{"href":"https:\/\/resinaepoxica.mx\/index.php\/wp-json\/wp\/v2\/product"}],"about":[{"href":"https:\/\/resinaepoxica.mx\/index.php\/wp-json\/wp\/v2\/types\/product"}],"replies":[{"embeddable":true,"href":"https:\/\/resinaepoxica.mx\/index.php\/wp-json\/wp\/v2\/comments?post=9437"}],"version-history":[{"count":1,"href":"https:\/\/resinaepoxica.mx\/index.php\/wp-json\/wp\/v2\/product\/9437\/revisions"}],"predecessor-version":[{"id":9439,"href":"https:\/\/resinaepoxica.mx\/index.php\/wp-json\/wp\/v2\/product\/9437\/revisions\/9439"}],"wp:featuredmedia":[{"embeddable":true,"href":"https:\/\/resinaepoxica.mx\/index.php\/wp-json\/wp\/v2\/media\/9438"}],"wp:attachment":[{"href":"https:\/\/resinaepoxica.mx\/index.php\/wp-json\/wp\/v2\/media?parent=9437"}],"wp:term":[{"taxonomy":"product_cat","embeddable":true,"href":"https:\/\/resinaepoxica.mx\/index.php\/wp-json\/wp\/v2\/product_cat?post=9437"},{"taxonomy":"product_tag","embeddable":true,"href":"https:\/\/resinaepoxica.mx\/index.php\/wp-json\/wp\/v2\/product_tag?post=9437"}],"curies":[{"name":"wp","href":"https:\/\/api.w.org\/{rel}","templated":true}]}}