{"id":9443,"date":"2022-07-18T20:01:40","date_gmt":"2022-07-18T20:01:40","guid":{"rendered":"https:\/\/resinaepoxica.mx\/?post_type=product&#038;p=9443"},"modified":"2022-07-18T20:03:07","modified_gmt":"2022-07-18T20:03:07","slug":"sltk-plug-rc-f","status":"publish","type":"product","link":"https:\/\/resinaepoxica.mx\/index.php\/producto\/sltk-plug-rc-f\/","title":{"rendered":"SLTK plug RC-F"},"content":{"rendered":"<h3>Usos<\/h3>\n<p>SLTK plug RC\u2022F es recomendado de manera eficiente y segura para taponar o detener filtraciones y fugas de agua en superficies de concreto, mortero y roca como:<\/p>\n<ul>\n<li>Tanques de agua, t\u00faneles, estanques, cisternas, albercas, s\u00f3tanos, obras y estructuras hidr\u00e1ulicas, muelles y terminales mar\u00edtimas, estanques de aguas, tuber\u00edas, losas de concreto, registros, canales, muros de contenci\u00f3n, fosos de elevadores, estacionamientos, espejos y fuentes de agua, fosas s\u00e9pticas y obras hidr\u00e1ulicas en general.<\/li>\n<li>Una vez efectuado el tratamiento del control de la filtraci\u00f3n o fuga de agua, se podr\u00e1 proceder con la reparaci\u00f3n o impermeabilizaci\u00f3n definitiva de la superficie.<\/li>\n<\/ul>\n<h3>Ventajas<\/h3>\n<ul>\n<li>El producto ofrece una aplicaci\u00f3n pr\u00e1ctica, r\u00e1pida y sencilla.<\/li>\n<li>Facilita el sellado de filtraciones y fugas de agua.<\/li>\n<li>Fraguado instant\u00e1neo en menos de un minuto.<\/li>\n<li>Fragua instant\u00e1neamente en presencia de humedad y agua.<\/li>\n<li>Permite efectuar reparaciones de filtraciones y fugas de agua sin la necesidad de vaciar la estructura o dep\u00f3sito de agua.<\/li>\n<li>Facilita el proceso de reparaci\u00f3n de estructuras.<\/li>\n<li>Auxiliar en el proceso de protecci\u00f3n e impermeabilizaci\u00f3n de superficies.<\/li>\n<\/ul>\n","protected":false},"excerpt":{"rendered":"<p>Es un mortero base cemento y cuidadosamente dise\u00f1ado para ser mezclado con agua, ofreciendo una pasta de r\u00e1pido fraguado para el taponamiento, sellado de filtraciones y fugas de agua en superficies de concreto, mortero y roca, el producto es libre de cloruro y cumple con la norma ASTM C-494 tipo C.<\/p>\n","protected":false},"featured_media":9444,"comment_status":"open","ping_status":"closed","template":"","meta":{"_joinchat":[]},"product_cat":[20],"product_tag":[],"class_list":{"0":"post-9443","1":"product","2":"type-product","3":"status-publish","4":"has-post-thumbnail","6":"product_cat-accessories","8":"first","9":"instock","10":"shipping-taxable","11":"product-type-simple"},"_links":{"self":[{"href":"https:\/\/resinaepoxica.mx\/index.php\/wp-json\/wp\/v2\/product\/9443","targetHints":{"allow":["GET"]}}],"collection":[{"href":"https:\/\/resinaepoxica.mx\/index.php\/wp-json\/wp\/v2\/product"}],"about":[{"href":"https:\/\/resinaepoxica.mx\/index.php\/wp-json\/wp\/v2\/types\/product"}],"replies":[{"embeddable":true,"href":"https:\/\/resinaepoxica.mx\/index.php\/wp-json\/wp\/v2\/comments?post=9443"}],"version-history":[{"count":1,"href":"https:\/\/resinaepoxica.mx\/index.php\/wp-json\/wp\/v2\/product\/9443\/revisions"}],"predecessor-version":[{"id":9445,"href":"https:\/\/resinaepoxica.mx\/index.php\/wp-json\/wp\/v2\/product\/9443\/revisions\/9445"}],"wp:featuredmedia":[{"embeddable":true,"href":"https:\/\/resinaepoxica.mx\/index.php\/wp-json\/wp\/v2\/media\/9444"}],"wp:attachment":[{"href":"https:\/\/resinaepoxica.mx\/index.php\/wp-json\/wp\/v2\/media?parent=9443"}],"wp:term":[{"taxonomy":"product_cat","embeddable":true,"href":"https:\/\/resinaepoxica.mx\/index.php\/wp-json\/wp\/v2\/product_cat?post=9443"},{"taxonomy":"product_tag","embeddable":true,"href":"https:\/\/resinaepoxica.mx\/index.php\/wp-json\/wp\/v2\/product_tag?post=9443"}],"curies":[{"name":"wp","href":"https:\/\/api.w.org\/{rel}","templated":true}]}}