{"id":9449,"date":"2022-07-18T20:05:05","date_gmt":"2022-07-18T20:05:05","guid":{"rendered":"https:\/\/resinaepoxica.mx\/?post_type=product&#038;p=9449"},"modified":"2022-07-18T21:22:16","modified_gmt":"2022-07-18T21:22:16","slug":"sltk-seal-iq-c","status":"publish","type":"product","link":"https:\/\/resinaepoxica.mx\/index.php\/producto\/sltk-seal-iq-c\/","title":{"rendered":"SLTK Seal IQ-C"},"content":{"rendered":"<h3>Usos<\/h3>\n<p>SLTK seal IQ\u2022C es de alta impermeabilidad, recomendado para aplicaciones como:<\/p>\n<ul>\n<li>Impermeabilizaci\u00f3n y protecci\u00f3n de obras hidr\u00e1ulicas tales como: tanques de agua, albercas, cisternas, canales, s\u00f3tanos, cimentaciones, muros de contenci\u00f3n, jardineras, terrazas, fuentes de agua, Charolas de ba\u00f1os, tuber\u00edas de concreto, fosas s\u00e9pticas, etc.<\/li>\n<li>Impermeabilizaci\u00f3n y protecci\u00f3n en general de superficies verticales y horizontales sometidas a presiones negativas de humedades y agua constante.<\/li>\n<\/ul>\n<h3>Ventajas<\/h3>\n<ul>\n<li>Aplicaci\u00f3n en interiores y exteriores.<\/li>\n<li>Alta adherencia y penetraci\u00f3n en el concreto.<\/li>\n<li>Aplicaci\u00f3n en ambientes y sustratos h\u00famedos.<\/li>\n<li>Sella las superficies de concreto eliminando humedades y presencia de agua.<\/li>\n<li>F\u00e1cil de aplicar, Aplicaci\u00f3n con brocha, rodillo, llana o lanzadora de concreto.<\/li>\n<li>Una vez seco y curado SLTK seal IQ\u2022C puede ser pintado, recubierto con yeso, mortero, revestimientos, recubrimientos ep\u00f3xicos, losetas cer\u00e1micas, azulejos, etc.<\/li>\n<li>Forma una red de cristales de alta resistencia a presiones negativas en la superficie de concreto.<\/li>\n<li>No contiene solventes.<\/li>\n<\/ul>\n","protected":false},"excerpt":{"rendered":"<p>Impermeabilizante base cemento, produce reacciones catal\u00edticas por la reacci\u00f3n de agua, generando cristalizaciones no soluble en las capilaridades y poros del concreto, para la protecci\u00f3n de zonas expuestas a humedades con presiones negativas y positivas.<\/p>\n","protected":false},"featured_media":9450,"comment_status":"open","ping_status":"closed","template":"","meta":{"_joinchat":[]},"product_cat":[20],"product_tag":[],"class_list":{"0":"post-9449","1":"product","2":"type-product","3":"status-publish","4":"has-post-thumbnail","6":"product_cat-accessories","8":"first","9":"instock","10":"shipping-taxable","11":"product-type-simple"},"_links":{"self":[{"href":"https:\/\/resinaepoxica.mx\/index.php\/wp-json\/wp\/v2\/product\/9449","targetHints":{"allow":["GET"]}}],"collection":[{"href":"https:\/\/resinaepoxica.mx\/index.php\/wp-json\/wp\/v2\/product"}],"about":[{"href":"https:\/\/resinaepoxica.mx\/index.php\/wp-json\/wp\/v2\/types\/product"}],"replies":[{"embeddable":true,"href":"https:\/\/resinaepoxica.mx\/index.php\/wp-json\/wp\/v2\/comments?post=9449"}],"version-history":[{"count":1,"href":"https:\/\/resinaepoxica.mx\/index.php\/wp-json\/wp\/v2\/product\/9449\/revisions"}],"predecessor-version":[{"id":9451,"href":"https:\/\/resinaepoxica.mx\/index.php\/wp-json\/wp\/v2\/product\/9449\/revisions\/9451"}],"wp:featuredmedia":[{"embeddable":true,"href":"https:\/\/resinaepoxica.mx\/index.php\/wp-json\/wp\/v2\/media\/9450"}],"wp:attachment":[{"href":"https:\/\/resinaepoxica.mx\/index.php\/wp-json\/wp\/v2\/media?parent=9449"}],"wp:term":[{"taxonomy":"product_cat","embeddable":true,"href":"https:\/\/resinaepoxica.mx\/index.php\/wp-json\/wp\/v2\/product_cat?post=9449"},{"taxonomy":"product_tag","embeddable":true,"href":"https:\/\/resinaepoxica.mx\/index.php\/wp-json\/wp\/v2\/product_tag?post=9449"}],"curies":[{"name":"wp","href":"https:\/\/api.w.org\/{rel}","templated":true}]}}