{"id":9461,"date":"2022-07-18T21:31:34","date_gmt":"2022-07-18T21:31:34","guid":{"rendered":"https:\/\/resinaepoxica.mx\/?post_type=product&#038;p=9461"},"modified":"2022-07-18T21:33:02","modified_gmt":"2022-07-18T21:33:02","slug":"crest-membrana-antifractura","status":"publish","type":"product","link":"https:\/\/resinaepoxica.mx\/index.php\/producto\/crest-membrana-antifractura\/","title":{"rendered":"Crest Membrana Antifractura"},"content":{"rendered":"<h3>Usos<\/h3>\n<p>Es un producto de alta impermeabilidad y flexibilidad, recomendado para<br \/>\naplicaciones como:<br \/>\n\u2022 Impermeabilizaci\u00f3n de charolas de ba\u00f1o, duchas, ba\u00f1os de vapor, balcones, terrazas, fuentes, espejos de agua, jacuzzis, jardineras, piscinas, cuartos h\u00famedos, etc. antes de la instalaci\u00f3n de losetas de cer\u00e1mica, porcelanato o piedra natural.<br \/>\n\u2022 Impermeabilizaci\u00f3n y protecci\u00f3n de block, ladrillo, muros de contenci\u00f3n, s\u00f3tanos, cimentaciones, estructuras de concreto bajo nivel fre\u00e1tico.<br \/>\n\u2022 Protecci\u00f3n contra la penetraci\u00f3n de di\u00f3xido de carbono en pilares y viguetas de concreto, viaductos de caminos y v\u00edas f\u00e9rreas, al igual que estructuras con una capa insuficiente de concreto que cubra las barras de refuerzo.<br \/>\n\u2022 Impermeabilizaci\u00f3n y Protecci\u00f3n en general de superficies verticales y horizontales sometidas a humedad.<br \/>\n\u2022 Protege muros prefabricados con movimiento, tabla cemento, tablayeso y elementos de concretos prefabricados.<br \/>\n\u2022 Impermeabilizaci\u00f3n de superficies bajo revestimientos, recubrimientos como tejas, baldosas, azulejos y losetas cer\u00e1micas, porcelanatos y piedras naturales.<br \/>\n\u2022 Protege y recubre estructuras de concreto sujetas a ligeros esfuerzos de flexi\u00f3n y vibraci\u00f3n.<br \/>\n\u2022 Protecci\u00f3n e impermeabilizaci\u00f3n de estructuras y elementos de concreto (por ejemplo, pilares y vigas para viaductos de carreteras y v\u00edas f\u00e9rreas, torres de enfriamiento, chimeneas, pasos inferiores, muros de contenci\u00f3n aplicaciones en \u00e1reas costeras, columnas, fachadas y balcones).<\/p>\n","protected":false},"excerpt":{"rendered":"<p>Membrana impermeable flexible de doble componente con parte \u201cA\u201d mortero base cemento predosificado y parte \u201cB\u201d resina l\u00edquida altamente reforzada con pol\u00edmeros base l\u00e1tex que brinda una pel\u00edcula el\u00e1stica. Ideal para superficies de concreto y mortero.<\/p>\n","protected":false},"featured_media":9462,"comment_status":"open","ping_status":"closed","template":"","meta":{"_joinchat":[]},"product_cat":[20],"product_tag":[],"class_list":{"0":"post-9461","1":"product","2":"type-product","3":"status-publish","4":"has-post-thumbnail","6":"product_cat-accessories","8":"first","9":"instock","10":"shipping-taxable","11":"product-type-simple"},"_links":{"self":[{"href":"https:\/\/resinaepoxica.mx\/index.php\/wp-json\/wp\/v2\/product\/9461","targetHints":{"allow":["GET"]}}],"collection":[{"href":"https:\/\/resinaepoxica.mx\/index.php\/wp-json\/wp\/v2\/product"}],"about":[{"href":"https:\/\/resinaepoxica.mx\/index.php\/wp-json\/wp\/v2\/types\/product"}],"replies":[{"embeddable":true,"href":"https:\/\/resinaepoxica.mx\/index.php\/wp-json\/wp\/v2\/comments?post=9461"}],"version-history":[{"count":1,"href":"https:\/\/resinaepoxica.mx\/index.php\/wp-json\/wp\/v2\/product\/9461\/revisions"}],"predecessor-version":[{"id":9463,"href":"https:\/\/resinaepoxica.mx\/index.php\/wp-json\/wp\/v2\/product\/9461\/revisions\/9463"}],"wp:featuredmedia":[{"embeddable":true,"href":"https:\/\/resinaepoxica.mx\/index.php\/wp-json\/wp\/v2\/media\/9462"}],"wp:attachment":[{"href":"https:\/\/resinaepoxica.mx\/index.php\/wp-json\/wp\/v2\/media?parent=9461"}],"wp:term":[{"taxonomy":"product_cat","embeddable":true,"href":"https:\/\/resinaepoxica.mx\/index.php\/wp-json\/wp\/v2\/product_cat?post=9461"},{"taxonomy":"product_tag","embeddable":true,"href":"https:\/\/resinaepoxica.mx\/index.php\/wp-json\/wp\/v2\/product_tag?post=9461"}],"curies":[{"name":"wp","href":"https:\/\/api.w.org\/{rel}","templated":true}]}}