{"id":9464,"date":"2022-07-18T21:33:31","date_gmt":"2022-07-18T21:33:31","guid":{"rendered":"https:\/\/resinaepoxica.mx\/?post_type=product&#038;p=9464"},"modified":"2022-07-18T21:34:41","modified_gmt":"2022-07-18T21:34:41","slug":"imper-crest-cemento","status":"publish","type":"product","link":"https:\/\/resinaepoxica.mx\/index.php\/producto\/imper-crest-cemento\/","title":{"rendered":"Imper Crest Cemento"},"content":{"rendered":"<h3>Usos<\/h3>\n<ul>\n<li>Se mezcla solamente con agua.<\/li>\n<li>Puede usarse como impermeabilizante en techos \u00f3 como medio para contener humedad en aplicaciones cr\u00edticas (terrazas, balcones, tejados, regaderas, etc.)<\/li>\n<li>Se puede aplicar a\u00fan lloviendo \u00f3 en sustrato h\u00famedo.<\/li>\n<li>Puede recibir recubrimientos y soporta tr\u00e1fico ligero.<\/li>\n<li>Excelente adherencia al concreto.<\/li>\n<li>Resana peque\u00f1as grietas en losas.<\/li>\n<\/ul>\n","protected":false},"excerpt":{"rendered":"<p>Impermeabilizante en polvo, base cemento, ideal para aplicar previo al recubrimiento en terrazas, balcones, tejados y en entrelosas en regaderas o para impermeabilizar losas en amenaza de lluvia.<\/p>\n","protected":false},"featured_media":9465,"comment_status":"open","ping_status":"closed","template":"","meta":{"_joinchat":[]},"product_cat":[20],"product_tag":[],"class_list":{"0":"post-9464","1":"product","2":"type-product","3":"status-publish","4":"has-post-thumbnail","6":"product_cat-accessories","8":"first","9":"instock","10":"shipping-taxable","11":"product-type-simple"},"_links":{"self":[{"href":"https:\/\/resinaepoxica.mx\/index.php\/wp-json\/wp\/v2\/product\/9464","targetHints":{"allow":["GET"]}}],"collection":[{"href":"https:\/\/resinaepoxica.mx\/index.php\/wp-json\/wp\/v2\/product"}],"about":[{"href":"https:\/\/resinaepoxica.mx\/index.php\/wp-json\/wp\/v2\/types\/product"}],"replies":[{"embeddable":true,"href":"https:\/\/resinaepoxica.mx\/index.php\/wp-json\/wp\/v2\/comments?post=9464"}],"version-history":[{"count":1,"href":"https:\/\/resinaepoxica.mx\/index.php\/wp-json\/wp\/v2\/product\/9464\/revisions"}],"predecessor-version":[{"id":9466,"href":"https:\/\/resinaepoxica.mx\/index.php\/wp-json\/wp\/v2\/product\/9464\/revisions\/9466"}],"wp:featuredmedia":[{"embeddable":true,"href":"https:\/\/resinaepoxica.mx\/index.php\/wp-json\/wp\/v2\/media\/9465"}],"wp:attachment":[{"href":"https:\/\/resinaepoxica.mx\/index.php\/wp-json\/wp\/v2\/media?parent=9464"}],"wp:term":[{"taxonomy":"product_cat","embeddable":true,"href":"https:\/\/resinaepoxica.mx\/index.php\/wp-json\/wp\/v2\/product_cat?post=9464"},{"taxonomy":"product_tag","embeddable":true,"href":"https:\/\/resinaepoxica.mx\/index.php\/wp-json\/wp\/v2\/product_tag?post=9464"}],"curies":[{"name":"wp","href":"https:\/\/api.w.org\/{rel}","templated":true}]}}