{"id":9470,"date":"2022-07-18T21:35:59","date_gmt":"2022-07-18T21:35:59","guid":{"rendered":"https:\/\/resinaepoxica.mx\/?post_type=product&#038;p=9470"},"modified":"2022-07-18T21:37:07","modified_gmt":"2022-07-18T21:37:07","slug":"sltk-rod","status":"publish","type":"product","link":"https:\/\/resinaepoxica.mx\/index.php\/producto\/sltk-rod\/","title":{"rendered":"SLTK Rod"},"content":{"rendered":"<h3>Usos<\/h3>\n<ul>\n<li>Soporte de sellador junta de expansi\u00f3n.<\/li>\n<li>Soporte de sellador juntas fr\u00edas.<\/li>\n<li>Como sello de l\u00e1minas acanaladas.<\/li>\n<li>Como sello en ventanera.<\/li>\n<\/ul>\n<h3>Ventajas<\/h3>\n<ul>\n<li>Qu\u00edmicamente inerte y resistente a los aceites, la gasolina y algunos otros solvente.<\/li>\n<li>No mancha, no se adhiere fijamente a los materiales del sellador, no transpira y no es absorbente.<\/li>\n<li>Puede usarse temporalmente como sello de junta.<\/li>\n<li>Altamente flexible y comprensible para una f\u00e1cil instalaci\u00f3n.<\/li>\n<\/ul>\n<h3>Instalaci\u00f3n<\/h3>\n<ol>\n<li>La junta debe de estar limpia, seca y libre de obstrucciones.<\/li>\n<li>Corte la longitud requerida o apl\u00edquelo directamente, con un Instalador SLTK rod, coloque la tira de respaldo al nivel requerido.<\/li>\n<li>Posteriormente proceda a aplicar el sellador para juntas en horizontal Soudaflex 33 SL o Soudaseal SL o sellador para juntas en vertical Soudaflex 40 FC.<\/li>\n<li>Deje secar el sellador seg\u00fan ficha t\u00e9cnica.<\/li>\n<\/ol>\n","protected":false},"excerpt":{"rendered":"<p>SLTK rod es un cord\u00f3n de respaldo para juntas de contracci\u00f3n a base de espuma de polietileno de celdas cerradas. Cuya finalidad es controlar la profundidad y el factor forma, permitiendo el ahorro considerable en el uso del sellador de juntas. Es compatible con selladores a base de: butil, polisulfuro, acr\u00edlico, poliuretano, silic\u00f3n y dem\u00e1s composiciones de selladores fr\u00edos.<\/p>\n","protected":false},"featured_media":9471,"comment_status":"open","ping_status":"closed","template":"","meta":{"_joinchat":[]},"product_cat":[20],"product_tag":[],"class_list":{"0":"post-9470","1":"product","2":"type-product","3":"status-publish","4":"has-post-thumbnail","6":"product_cat-accessories","8":"first","9":"instock","10":"shipping-taxable","11":"product-type-simple"},"_links":{"self":[{"href":"https:\/\/resinaepoxica.mx\/index.php\/wp-json\/wp\/v2\/product\/9470","targetHints":{"allow":["GET"]}}],"collection":[{"href":"https:\/\/resinaepoxica.mx\/index.php\/wp-json\/wp\/v2\/product"}],"about":[{"href":"https:\/\/resinaepoxica.mx\/index.php\/wp-json\/wp\/v2\/types\/product"}],"replies":[{"embeddable":true,"href":"https:\/\/resinaepoxica.mx\/index.php\/wp-json\/wp\/v2\/comments?post=9470"}],"version-history":[{"count":1,"href":"https:\/\/resinaepoxica.mx\/index.php\/wp-json\/wp\/v2\/product\/9470\/revisions"}],"predecessor-version":[{"id":9472,"href":"https:\/\/resinaepoxica.mx\/index.php\/wp-json\/wp\/v2\/product\/9470\/revisions\/9472"}],"wp:featuredmedia":[{"embeddable":true,"href":"https:\/\/resinaepoxica.mx\/index.php\/wp-json\/wp\/v2\/media\/9471"}],"wp:attachment":[{"href":"https:\/\/resinaepoxica.mx\/index.php\/wp-json\/wp\/v2\/media?parent=9470"}],"wp:term":[{"taxonomy":"product_cat","embeddable":true,"href":"https:\/\/resinaepoxica.mx\/index.php\/wp-json\/wp\/v2\/product_cat?post=9470"},{"taxonomy":"product_tag","embeddable":true,"href":"https:\/\/resinaepoxica.mx\/index.php\/wp-json\/wp\/v2\/product_tag?post=9470"}],"curies":[{"name":"wp","href":"https:\/\/api.w.org\/{rel}","templated":true}]}}