{"id":9476,"date":"2022-07-18T21:40:03","date_gmt":"2022-07-18T21:40:03","guid":{"rendered":"https:\/\/resinaepoxica.mx\/?post_type=product&#038;p=9476"},"modified":"2022-07-18T21:41:39","modified_gmt":"2022-07-18T21:41:39","slug":"flexigrout","status":"publish","type":"product","link":"https:\/\/resinaepoxica.mx\/index.php\/producto\/flexigrout\/","title":{"rendered":"Flexigrout"},"content":{"rendered":"<h3>Usos<\/h3>\n<p>\u2022 Juntas en instalaciones de losetas cer\u00e1micas y piedras naturales.<br \/>\n\u2022 Juntas de expansi\u00f3n y contracci\u00f3n, de aislamiento y de construcci\u00f3n en pisos industriales.<br \/>\n\u2022 Juntas de dilataci\u00f3n horizontales.<br \/>\n\u2022 Juntas entre paredes y pisos.<br \/>\n\u2022 Juntas en muros de concreto.<br \/>\n\u2022 Relleno de fisuras.<br \/>\n\u2022 Sellado de paneles prefabricados y juntas en tabla-cemento.<br \/>\n\u2022 Construcciones de madera.<br \/>\n\u2022 Instalaci\u00f3n de ventanas en casa habitaci\u00f3n.<br \/>\n\u2022 Sellado de inodoro y tarjas de cocina.<br \/>\n\u2022 Ca\u00f1er\u00edas y conductos de ventilaci\u00f3n.<br \/>\n\u2022 Para calafatear orillas de ventanas, puertas y paneles de casa habitaci\u00f3n.<\/p>\n","protected":false},"excerpt":{"rendered":"<p>CREST Flexi Grout\u00ae es un sellador de poliuretano tipo<br \/>\nmasilla con caracter\u00edsticas de adhesi\u00f3n, cohesi\u00f3n y<br \/>\nelasticidad, que tiene la funci\u00f3n de unir dos elementos<br \/>\nque tienen movimiento, adem\u00e1s de evitar la penetraci\u00f3n de agua, polvo y aire a trav\u00e9s de la junta.<\/p>\n","protected":false},"featured_media":9477,"comment_status":"open","ping_status":"closed","template":"","meta":{"_joinchat":[]},"product_cat":[20],"product_tag":[],"class_list":{"0":"post-9476","1":"product","2":"type-product","3":"status-publish","4":"has-post-thumbnail","6":"product_cat-accessories","8":"first","9":"instock","10":"shipping-taxable","11":"product-type-simple"},"_links":{"self":[{"href":"https:\/\/resinaepoxica.mx\/index.php\/wp-json\/wp\/v2\/product\/9476","targetHints":{"allow":["GET"]}}],"collection":[{"href":"https:\/\/resinaepoxica.mx\/index.php\/wp-json\/wp\/v2\/product"}],"about":[{"href":"https:\/\/resinaepoxica.mx\/index.php\/wp-json\/wp\/v2\/types\/product"}],"replies":[{"embeddable":true,"href":"https:\/\/resinaepoxica.mx\/index.php\/wp-json\/wp\/v2\/comments?post=9476"}],"version-history":[{"count":1,"href":"https:\/\/resinaepoxica.mx\/index.php\/wp-json\/wp\/v2\/product\/9476\/revisions"}],"predecessor-version":[{"id":9478,"href":"https:\/\/resinaepoxica.mx\/index.php\/wp-json\/wp\/v2\/product\/9476\/revisions\/9478"}],"wp:featuredmedia":[{"embeddable":true,"href":"https:\/\/resinaepoxica.mx\/index.php\/wp-json\/wp\/v2\/media\/9477"}],"wp:attachment":[{"href":"https:\/\/resinaepoxica.mx\/index.php\/wp-json\/wp\/v2\/media?parent=9476"}],"wp:term":[{"taxonomy":"product_cat","embeddable":true,"href":"https:\/\/resinaepoxica.mx\/index.php\/wp-json\/wp\/v2\/product_cat?post=9476"},{"taxonomy":"product_tag","embeddable":true,"href":"https:\/\/resinaepoxica.mx\/index.php\/wp-json\/wp\/v2\/product_tag?post=9476"}],"curies":[{"name":"wp","href":"https:\/\/api.w.org\/{rel}","templated":true}]}}