{"id":9491,"date":"2022-07-19T17:11:23","date_gmt":"2022-07-19T17:11:23","guid":{"rendered":"https:\/\/resinaepoxica.mx\/?post_type=product&#038;p=9491"},"modified":"2022-07-19T17:26:17","modified_gmt":"2022-07-19T17:26:17","slug":"revestimiento-de-resina-escobetilla","status":"publish","type":"product","link":"https:\/\/resinaepoxica.mx\/index.php\/producto\/revestimiento-de-resina-escobetilla\/","title":{"rendered":"Revestimiento de resina-Escobetilla"},"content":{"rendered":"<ul class=\"a-unordered-list a-vertical a-spacing-mini\">\n<li><span class=\"a-list-item\">Resina epoxi de grado industrial (muy resistente contra el desgaste, los \u00e1cidos y el amarilleamiento con el tiempo).<\/span><\/li>\n<li><span class=\"a-list-item\">100% s\u00f3lidos en la f\u00f3rmula. Autonivelante y revestimiento de alta construcci\u00f3n.<\/span><\/li>\n<li><span class=\"a-list-item\">Cobertura del producto: primera capa transparente: 200-300 pies cuadrados. 3.78 L. 5 \u2013 8 mils dft \u2013 2 capa transparente: 133 \u2013 200 pies cuadrados. 3.78 L. @ 8-12 mils dft &#8212; Capa met\u00e1lica: 50 pies cuadrados. 3.78 L. @ 32 mils dft<\/span><\/li>\n<li><span class=\"a-list-item\">El producto reci\u00e9n aplicado debe estar protegido contra la humedad, la condensaci\u00f3n y el agua durante al menos 48 horas.<\/span><\/li>\n<li><span class=\"a-list-item\">Incluye una escobilla de goma<\/span><\/li>\n<\/ul>\n","protected":false},"excerpt":{"rendered":"<div class=\"a-section a-spacing-large pzr-features-containers\">\n<h5 class=\"a-spacing-small\">Especificaciones para este producto<\/h5>\n<div class=\"a-row\">\n<div class=\"a-column a-span12 a-span-last\">\n<div class=\"a-expander-collapsed-height a-row a-expander-container a-expander-partial-collapse-container\" data-a-expander-name=\"psw_table_expander\" data-a-expander-collapsed-height=\"300\">\n<div class=\"a-expander-content a-expander-partial-collapse-content\" aria-expanded=\"false\">\n<table id=\"product-specification-table\" class=\"a-keyvalue\">\n<tbody>\n<tr>\n<th class=\"a-span4 a-text-right\">Color<\/th>\n<td>Transparente<\/td>\n<\/tr>\n<tr>\n<th class=\"a-span4 a-text-right\">C\u00f3digo UNSPSC<\/th>\n<td>13110000<\/td>\n<\/tr>\n<tr>\n<th class=\"a-span4 a-text-right\">Nombre de la marca<\/th>\n<td>Master Protective Coatings<\/td>\n<\/tr>\n<tr>\n<th class=\"a-span4 a-text-right\">N\u00famero de identificaci\u00f3n comercial global<\/th>\n<td>00850022364839<\/td>\n<\/tr>\n<tr>\n<th class=\"a-span4 a-text-right\">N\u00famero de pieza<\/th>\n<td>MPC-100SG<\/td>\n<\/tr>\n<tr>\n<th class=\"a-span4 a-text-right\">Peso del producto<\/th>\n<td>30.4 libras<\/td>\n<\/tr>\n<tr>\n<th class=\"a-span4 a-text-right\">Tama\u00f1o<\/th>\n<td>3 Gallons<\/td>\n<\/tr>\n<tr>\n<th class=\"a-span4 a-text-right\">Volumen del art\u00edculo<\/th>\n<td>3.00 galones<\/td>\n<\/tr>\n<\/tbody>\n<\/table>\n<\/div>\n<\/div>\n<\/div>\n<\/div>\n<\/div>\n","protected":false},"featured_media":9492,"comment_status":"open","ping_status":"closed","template":"","meta":{"_joinchat":[]},"product_cat":[20],"product_tag":[],"class_list":{"0":"post-9491","1":"product","2":"type-product","3":"status-publish","4":"has-post-thumbnail","6":"product_cat-accessories","8":"first","9":"instock","10":"shipping-taxable","11":"product-type-simple"},"_links":{"self":[{"href":"https:\/\/resinaepoxica.mx\/index.php\/wp-json\/wp\/v2\/product\/9491","targetHints":{"allow":["GET"]}}],"collection":[{"href":"https:\/\/resinaepoxica.mx\/index.php\/wp-json\/wp\/v2\/product"}],"about":[{"href":"https:\/\/resinaepoxica.mx\/index.php\/wp-json\/wp\/v2\/types\/product"}],"replies":[{"embeddable":true,"href":"https:\/\/resinaepoxica.mx\/index.php\/wp-json\/wp\/v2\/comments?post=9491"}],"version-history":[{"count":1,"href":"https:\/\/resinaepoxica.mx\/index.php\/wp-json\/wp\/v2\/product\/9491\/revisions"}],"predecessor-version":[{"id":9499,"href":"https:\/\/resinaepoxica.mx\/index.php\/wp-json\/wp\/v2\/product\/9491\/revisions\/9499"}],"wp:featuredmedia":[{"embeddable":true,"href":"https:\/\/resinaepoxica.mx\/index.php\/wp-json\/wp\/v2\/media\/9492"}],"wp:attachment":[{"href":"https:\/\/resinaepoxica.mx\/index.php\/wp-json\/wp\/v2\/media?parent=9491"}],"wp:term":[{"taxonomy":"product_cat","embeddable":true,"href":"https:\/\/resinaepoxica.mx\/index.php\/wp-json\/wp\/v2\/product_cat?post=9491"},{"taxonomy":"product_tag","embeddable":true,"href":"https:\/\/resinaepoxica.mx\/index.php\/wp-json\/wp\/v2\/product_tag?post=9491"}],"curies":[{"name":"wp","href":"https:\/\/api.w.org\/{rel}","templated":true}]}}