{"id":9500,"date":"2022-07-19T17:27:37","date_gmt":"2022-07-19T17:27:37","guid":{"rendered":"https:\/\/resinaepoxica.mx\/?post_type=product&#038;p=9500"},"modified":"2022-07-19T17:30:58","modified_gmt":"2022-07-19T17:30:58","slug":"capa-poliaspartico","status":"publish","type":"product","link":"https:\/\/resinaepoxica.mx\/index.php\/producto\/capa-poliaspartico\/","title":{"rendered":"Capa Poliasp\u00e1rtico"},"content":{"rendered":"<ul class=\"a-unordered-list a-vertical a-spacing-mini\">\n<li><span class=\"a-list-item\">Larga vida \u00fatil para una f\u00e1cil manejabilidad con tiempos de secado r\u00e1pidos<\/span><\/li>\n<li><span class=\"a-list-item\">Transparente, no amarillea y buena retenci\u00f3n de brillo<\/span><\/li>\n<li><span class=\"a-list-item\">Excelente adherencia a una variedad de sustratos<\/span><\/li>\n<li><span class=\"a-list-item\">Excelente resistencia a los qu\u00edmicos y a la abrasi\u00f3n<\/span><\/li>\n<li><span class=\"a-list-item\">F\u00e1cil de mezclar relaci\u00f3n 1:1 por volumen<\/span><\/li>\n<\/ul>\n","protected":false},"excerpt":{"rendered":"<h5 class=\"a-spacing-small\">Especificaciones para este producto<\/h5>\n<div class=\"a-row\">\n<div class=\"a-column a-span12 a-span-last\">\n<div class=\"a-expander-collapsed-height a-row a-expander-container a-expander-partial-collapse-container\" data-a-expander-name=\"psw_table_expander\" data-a-expander-collapsed-height=\"300\">\n<div class=\"a-expander-content a-expander-partial-collapse-content\" aria-expanded=\"false\">\n<table id=\"product-specification-table\" class=\"a-keyvalue\">\n<tbody>\n<tr>\n<th class=\"a-span4 a-text-right\">C\u00f3digo UNSPSC<\/th>\n<td>31210000<\/td>\n<\/tr>\n<tr>\n<th class=\"a-span4 a-text-right\">Ean<\/th>\n<td>0850022364723<\/td>\n<\/tr>\n<tr>\n<th class=\"a-span4 a-text-right\">Nombre de la marca<\/th>\n<td>Master Protective Coatings<\/td>\n<\/tr>\n<tr>\n<th class=\"a-span4 a-text-right\">N\u00famero de pieza<\/th>\n<td>MPC-290<\/td>\n<\/tr>\n<tr>\n<th class=\"a-span4 a-text-right\">UPC<\/th>\n<td>850022364723<\/td>\n<\/tr>\n<\/tbody>\n<\/table>\n<\/div>\n<\/div>\n<\/div>\n<\/div>\n","protected":false},"featured_media":9501,"comment_status":"open","ping_status":"closed","template":"","meta":{"_joinchat":[]},"product_cat":[20],"product_tag":[],"class_list":{"0":"post-9500","1":"product","2":"type-product","3":"status-publish","4":"has-post-thumbnail","6":"product_cat-accessories","8":"first","9":"instock","10":"shipping-taxable","11":"product-type-simple"},"_links":{"self":[{"href":"https:\/\/resinaepoxica.mx\/index.php\/wp-json\/wp\/v2\/product\/9500","targetHints":{"allow":["GET"]}}],"collection":[{"href":"https:\/\/resinaepoxica.mx\/index.php\/wp-json\/wp\/v2\/product"}],"about":[{"href":"https:\/\/resinaepoxica.mx\/index.php\/wp-json\/wp\/v2\/types\/product"}],"replies":[{"embeddable":true,"href":"https:\/\/resinaepoxica.mx\/index.php\/wp-json\/wp\/v2\/comments?post=9500"}],"version-history":[{"count":1,"href":"https:\/\/resinaepoxica.mx\/index.php\/wp-json\/wp\/v2\/product\/9500\/revisions"}],"predecessor-version":[{"id":9502,"href":"https:\/\/resinaepoxica.mx\/index.php\/wp-json\/wp\/v2\/product\/9500\/revisions\/9502"}],"wp:featuredmedia":[{"embeddable":true,"href":"https:\/\/resinaepoxica.mx\/index.php\/wp-json\/wp\/v2\/media\/9501"}],"wp:attachment":[{"href":"https:\/\/resinaepoxica.mx\/index.php\/wp-json\/wp\/v2\/media?parent=9500"}],"wp:term":[{"taxonomy":"product_cat","embeddable":true,"href":"https:\/\/resinaepoxica.mx\/index.php\/wp-json\/wp\/v2\/product_cat?post=9500"},{"taxonomy":"product_tag","embeddable":true,"href":"https:\/\/resinaepoxica.mx\/index.php\/wp-json\/wp\/v2\/product_tag?post=9500"}],"curies":[{"name":"wp","href":"https:\/\/api.w.org\/{rel}","templated":true}]}}