{"id":9537,"date":"2022-07-19T18:52:50","date_gmt":"2022-07-19T18:52:50","guid":{"rendered":"https:\/\/resinaepoxica.mx\/?post_type=product&#038;p=9537"},"modified":"2022-07-19T19:00:15","modified_gmt":"2022-07-19T19:00:15","slug":"polvo-de-mica","status":"publish","type":"product","link":"https:\/\/resinaepoxica.mx\/index.php\/producto\/polvo-de-mica\/","title":{"rendered":"Polvo de Mica"},"content":{"rendered":"<h3 id=\"title\" class=\"a-size-large a-spacing-none\"><span id=\"productTitle\" class=\"a-size-large product-title-word-break\">Pigmento de resina epoxi de 2 tonos MEYSPRING, polvo de mica de epoxi y resina de uso art\u00edstico, sin grumos ni residuos, sin explosi\u00f3n de resina, excelente para obras de arte, resina epoxi ecol\u00f3gica, resina UV<\/span><\/h3>\n<div id=\"featurebullets_feature_div\" class=\"celwidget\" data-feature-name=\"featurebullets\" data-csa-c-id=\"5uj498-1han6u-ajgolw-wxr3gz\" data-cel-widget=\"featurebullets_feature_div\">\n<div id=\"feature-bullets\" class=\"a-section a-spacing-medium a-spacing-top-small\">\n<ul class=\"a-unordered-list a-vertical a-spacing-mini\">\n<li><span class=\"a-list-item\"><span>POLVO DE MICA AZUL PAVO REAL PARA ARTE DE RESINA: esta nueva generaci\u00f3n de pigmentos de resina crea una gama de colores intensos en varios tonos cuando se mezcla con resina epoxi transparente o resina UV.\u00a0Los resultados finales de este pigmento epoxi siempre dependen del \u00e1ngulo de visi\u00f3n<\/span><\/span><\/li>\n<li><span class=\"a-list-item\"><span>SOMBRA DE SIRENA VERDADERAMENTE \u00daNICA: nuestro pigmento de resina epoxi Mermaid Dust tiene una interesante mezcla de tonos que lo convierte en un color verdaderamente \u00fanico.\u00a0\u00a1Este pigmento en polvo de dos tonos se puede mezclar en casi cualquier medio transl\u00facido, lo que da como resultado un color que realmente llama la atenci\u00f3n!<\/span><\/span><\/li>\n<li><span class=\"a-list-item\"><span>GRADO COSM\u00c9TICO DE POLVO DE MICA: el polvo de sirena es excelente para el maquillaje.\u00a0Se puede usar para te\u00f1ir, oscurecer o iluminar otros pigmentos de mica en polvo, lo que lo hace ideal para usar como ingrediente de maquillaje mineral.\u00a0Este es un excelente polvo de mica para b\u00e1lsamo labial, sombra de ojos, resaltador, rubor, l\u00e1piz labial y m\u00e1s.<\/span><\/span><\/li>\n<li><span class=\"a-list-item\"><span>SEGURO, NO T\u00d3XICO, SEGURO PARA LA PIEL: todos nuestros polvos de pigmento de mica no manchan, son suaves para la piel y no causan irritaci\u00f3n.\u00a0Al igual que con cualquier aditivo, siempre pruebe un \u00e1rea peque\u00f1a antes de usarlo por completo para asegurarse de que sea seguro para las alergias.<\/span><\/span><\/li>\n<li><span class=\"a-list-item\"><span>100% SATISFACCI\u00d3N GARANTIZADA O LE DEVOLVEMOS SU DINERO: \u00bfLe preocupa que no le encante el polvo de pigmento epoxi en este kit de color?\u00a0\u00a1No seas!\u00a0Si cree que no cumpli\u00f3 con sus expectativas, \u00a1le devolvemos su dinero!\u00a0No se hicieron preguntas<\/span><\/span><\/li>\n<\/ul>\n<\/div>\n<\/div>\n<div id=\"provenanceCertifications_feature_div\" class=\"celwidget\" data-feature-name=\"provenanceCertifications\" data-csa-c-id=\"9ud7ts-di35xm-vtqu9u-yejzhx\" data-cel-widget=\"provenanceCertifications_feature_div\">\n<div id=\"provenance-certifications\" class=\"a-section a-spacing-medium a-spacing-top-micro\"><\/div>\n<\/div>\n","protected":false},"excerpt":{"rendered":"<table class=\"a-normal a-spacing-micro\">\n<tbody>\n<tr class=\"a-spacing-small po-color\">\n<td class=\"a-span3\"><span class=\"a-size-base a-text-bold\"><span>Color<\/span><\/span><\/td>\n<td class=\"a-span9\"><span class=\"a-size-base\">Polvo de sirena<\/span><\/td>\n<\/tr>\n<tr class=\"a-spacing-small po-brand\">\n<td class=\"a-span3\"><span class=\"a-size-base a-text-bold\">Marca<\/span><\/td>\n<td class=\"a-span9\"><span class=\"a-size-base\"><span>PRIMAVERA<\/span><\/span><\/td>\n<\/tr>\n<tr class=\"a-spacing-small po-item_weight\">\n<td class=\"a-span3\"><span class=\"a-size-base a-text-bold\">Peso del art\u00edculo<\/span><\/td>\n<td class=\"a-span9\"><span class=\"a-size-base\">70 Gramos<\/span><\/td>\n<\/tr>\n<tr class=\"a-spacing-small po-item_form\">\n<td class=\"a-span3\"><span class=\"a-size-base a-text-bold\">Forma del art\u00edculo<\/span><\/td>\n<td class=\"a-span9\"><span class=\"a-size-base\"><span>Polvo<\/span><\/span><\/td>\n<\/tr>\n<\/tbody>\n<\/table>\n","protected":false},"featured_media":9538,"comment_status":"open","ping_status":"closed","template":"","meta":{"_joinchat":[]},"product_cat":[20],"product_tag":[],"class_list":{"0":"post-9537","1":"product","2":"type-product","3":"status-publish","4":"has-post-thumbnail","6":"product_cat-accessories","8":"first","9":"instock","10":"shipping-taxable","11":"product-type-simple"},"_links":{"self":[{"href":"https:\/\/resinaepoxica.mx\/index.php\/wp-json\/wp\/v2\/product\/9537","targetHints":{"allow":["GET"]}}],"collection":[{"href":"https:\/\/resinaepoxica.mx\/index.php\/wp-json\/wp\/v2\/product"}],"about":[{"href":"https:\/\/resinaepoxica.mx\/index.php\/wp-json\/wp\/v2\/types\/product"}],"replies":[{"embeddable":true,"href":"https:\/\/resinaepoxica.mx\/index.php\/wp-json\/wp\/v2\/comments?post=9537"}],"version-history":[{"count":1,"href":"https:\/\/resinaepoxica.mx\/index.php\/wp-json\/wp\/v2\/product\/9537\/revisions"}],"predecessor-version":[{"id":9543,"href":"https:\/\/resinaepoxica.mx\/index.php\/wp-json\/wp\/v2\/product\/9537\/revisions\/9543"}],"wp:featuredmedia":[{"embeddable":true,"href":"https:\/\/resinaepoxica.mx\/index.php\/wp-json\/wp\/v2\/media\/9538"}],"wp:attachment":[{"href":"https:\/\/resinaepoxica.mx\/index.php\/wp-json\/wp\/v2\/media?parent=9537"}],"wp:term":[{"taxonomy":"product_cat","embeddable":true,"href":"https:\/\/resinaepoxica.mx\/index.php\/wp-json\/wp\/v2\/product_cat?post=9537"},{"taxonomy":"product_tag","embeddable":true,"href":"https:\/\/resinaepoxica.mx\/index.php\/wp-json\/wp\/v2\/product_tag?post=9537"}],"curies":[{"name":"wp","href":"https:\/\/api.w.org\/{rel}","templated":true}]}}